{"id":20,"date":"2025-09-25T21:15:45","date_gmt":"2025-09-25T19:15:45","guid":{"rendered":"https:\/\/www.vierlaender-trachtengruppe.de\/en\/?page_id=20"},"modified":"2025-12-21T15:32:00","modified_gmt":"2025-12-21T14:32:00","slug":"clothing","status":"publish","type":"page","link":"https:\/\/www.vierlaender-trachtengruppe.de\/en\/clothing\/","title":{"rendered":"Clothing"},"content":{"rendered":"\n<div class=\"wp-block-group alignfull has-base-2-background-color has-background has-global-padding is-content-justification-center is-layout-constrained wp-container-core-group-is-layout-57479b6d wp-block-group-is-layout-constrained\" style=\"margin-top:0;margin-bottom:0;padding-top:var(--wp--preset--spacing--40);padding-right:var(--wp--preset--spacing--50);padding-bottom:var(--wp--preset--spacing--40);padding-left:var(--wp--preset--spacing--50)\">\n<div class=\"wp-block-group alignwide is-layout-flow wp-block-group-is-layout-flow\" style=\"padding-top:var(--wp--preset--spacing--20);padding-bottom:var(--wp--preset--spacing--20)\">\n<p>For those who do not know it, traditional clothes are peculiar and colorful clothes, but for the native people it is a talking book. It provides information about the exact place of location, family status, money status and reason why the traditional clothes are used. Almost every detail has a specific meaning.<\/p>\n<\/div>\n\n\n\n<figure class=\"wp-block-pullquote alignwide has-text-align-center has-base-background-color has-background\" style=\"margin-top:var(--wp--preset--spacing--20);margin-bottom:var(--wp--preset--spacing--20);padding-top:var(--wp--preset--spacing--20);padding-right:var(--wp--preset--spacing--20);padding-bottom:var(--wp--preset--spacing--20);padding-left:var(--wp--preset--spacing--20);font-size:clamp(0.984rem, 0.984rem + ((1vw - 0.2rem) * 0.86), 1.5rem);\"><blockquote><p><em>Wer ick b\u00fcnn, wat ick will un woher ick kumm, <\/em><br><em>mi de Frog to stellen is eegentlich to dumm.<br>Wer de Tracht h\u00f6r wohl kennt, de s\u00fcht dat mie an, <\/em><br><em>ick kumm ja direkt ut Verlann, Verlann!<\/em><\/p><cite>Source: Vierl\u00e4nder song from &#8220;\u00dcber&#8217;n gro\u00dfen Teich&#8221; (A. Philipp)<\/cite><\/blockquote><\/figure>\n\n\n\n<div class=\"wp-block-group alignwide is-layout-flow wp-block-group-is-layout-flow\" style=\"padding-top:var(--wp--preset--spacing--20);padding-bottom:var(--wp--preset--spacing--20)\">\n<p>Until 1920, the proud Vierl\u00e4nder still presented himself in his valuable traditional clothes. At markets, it was regarded as a guarantee of quality for products from the Vierlande region. Particularly remarkable are the many detailed embroideries, which were made with love by the women in the evening by the light of a kerosene lamp, and the many shiny silver buttons, up to 76 could be found on the male traditional clothes.<\/p>\n<\/div>\n<\/div>\n\n\n\n<div class=\"wp-block-group alignfull has-base-background-color has-background has-global-padding is-content-justification-center is-layout-constrained wp-container-core-group-is-layout-57479b6d wp-block-group-is-layout-constrained\" style=\"margin-top:0;margin-bottom:0;padding-top:var(--wp--preset--spacing--40);padding-right:var(--wp--preset--spacing--50);padding-bottom:var(--wp--preset--spacing--40);padding-left:var(--wp--preset--spacing--50)\">\n<div class=\"wp-block-columns alignwide is-layout-flex wp-container-core-columns-is-layout-1da03c2a wp-block-columns-is-layout-flex\">\n<div class=\"wp-block-column is-vertically-aligned-center is-layout-flow wp-block-column-is-layout-flow\" style=\"padding-right:0;padding-left:0;flex-basis:40%\">\n<figure data-wp-context=\"{&quot;imageId&quot;:&quot;69e1fddd6286c&quot;}\" data-wp-interactive=\"core\/image\" data-wp-key=\"69e1fddd6286c\" class=\"wp-block-image aligncenter size-large is-resized has-custom-border is-style-rounded is-style-rounded--1 wp-lightbox-container\"><img loading=\"lazy\" decoding=\"async\" width=\"768\" height=\"1024\" data-wp-class--hide=\"state.isContentHidden\" data-wp-class--show=\"state.isContentVisible\" data-wp-init=\"callbacks.setButtonStyles\" data-wp-on--click=\"actions.showLightbox\" data-wp-on--load=\"callbacks.setButtonStyles\" data-wp-on-window--resize=\"callbacks.setButtonStyles\" src=\"https:\/\/www.vierlaender-trachtengruppe.de\/en\/wp-content\/uploads\/sites\/2\/2025\/12\/Female-traditional-clothing-768x1024.png\" alt=\"Female traditional clothing\" class=\"wp-image-201\" style=\"border-radius:20px;aspect-ratio:3\/4;object-fit:cover;width:auto;height:500px\" srcset=\"https:\/\/www.vierlaender-trachtengruppe.de\/en\/wp-content\/uploads\/sites\/2\/2025\/12\/Female-traditional-clothing-768x1024.png 768w, https:\/\/www.vierlaender-trachtengruppe.de\/en\/wp-content\/uploads\/sites\/2\/2025\/12\/Female-traditional-clothing-225x300.png 225w, https:\/\/www.vierlaender-trachtengruppe.de\/en\/wp-content\/uploads\/sites\/2\/2025\/12\/Female-traditional-clothing-1152x1536.png 1152w, https:\/\/www.vierlaender-trachtengruppe.de\/en\/wp-content\/uploads\/sites\/2\/2025\/12\/Female-traditional-clothing-1536x2048.png 1536w, https:\/\/www.vierlaender-trachtengruppe.de\/en\/wp-content\/uploads\/sites\/2\/2025\/12\/Female-traditional-clothing-scaled.png 1920w\" sizes=\"auto, (max-width: 768px) 100vw, 768px\" \/><button\n\t\t\tclass=\"lightbox-trigger\"\n\t\t\ttype=\"button\"\n\t\t\taria-haspopup=\"dialog\"\n\t\t\taria-label=\"Enlarge\"\n\t\t\tdata-wp-init=\"callbacks.initTriggerButton\"\n\t\t\tdata-wp-on--click=\"actions.showLightbox\"\n\t\t\tdata-wp-style--right=\"state.imageButtonRight\"\n\t\t\tdata-wp-style--top=\"state.imageButtonTop\"\n\t\t>\n\t\t\t<svg xmlns=\"http:\/\/www.w3.org\/2000\/svg\" width=\"12\" height=\"12\" fill=\"none\" viewBox=\"0 0 12 12\">\n\t\t\t\t<path fill=\"#fff\" d=\"M2 0a2 2 0 0 0-2 2v2h1.5V2a.5.5 0 0 1 .5-.5h2V0H2Zm2 10.5H2a.5.5 0 0 1-.5-.5V8H0v2a2 2 0 0 0 2 2h2v-1.5ZM8 12v-1.5h2a.5.5 0 0 0 .5-.5V8H12v2a2 2 0 0 1-2 2H8Zm2-12a2 2 0 0 1 2 2v2h-1.5V2a.5.5 0 0 0-.5-.5H8V0h2Z\" \/>\n\t\t\t<\/svg>\n\t\t<\/button><\/figure>\n<\/div>\n\n\n\n<div class=\"wp-block-column is-vertically-aligned-center is-layout-flow wp-block-column-is-layout-flow\" style=\"flex-basis:60%\">\n<h2 class=\"wp-block-heading\">Female traditional clothing<\/h2>\n\n\n\n<p>The women&#8217;s traditional clothing consists of a swinging skirt (&#8220;Sch\u00f6rt&#8221;) made of woolen cloth. So that it sticks out nicely, the woman often wears several skirts on top of each other, some also tie a padding around the hips. Over a white blouse with wide sleeves that are folded over once, a woman&#8217;s vest (&#8220;Liefst\u00fcck&#8221; \/ &#8220;Rump&#8221;) is used, which is filled out at the front with a richly embroidered bib (&#8220;Bo\u00dfdook&#8221;). A scarf, also embroidered, is placed around the shoulders, the rolled-up ends of which are held together over the chest by the silver or gold breast buckle (&#8220;Schillerkeed&#8221;) decorated with gemstones and miniature painting. The waist is adorned with an embroidered belt (&#8220;G\u00f6rdl&#8221; \/ &#8220;Qu\u00e4der&#8221;) around which the richly embroidered apron (&#8220;Platen&#8221;) is tied. The Vierl\u00e4nderin used to wear colored stockings, which are now only white, and black shoes. The woman&#8217;s headdress is very striking. A large, flat hat made of woven and sewn panicle grass is worn over a cap to which the black, stiff neck bow (&#8220;Krei&#8221;) is attached. The jacket (&#8220;Wams&#8221; \/ &#8220;Fudderhemd&#8221;) protects against the cold.<\/p>\n<\/div>\n<\/div>\n<\/div>\n\n\n\n<div class=\"wp-block-cover alignfull is-light has-parallax\" style=\"padding-top:var(--wp--preset--spacing--50);padding-right:var(--wp--preset--spacing--50);padding-bottom:var(--wp--preset--spacing--50);padding-left:var(--wp--preset--spacing--50);min-height:100vh;aspect-ratio:unset;\"><div role=\"img\" aria-label=\"Region\" class=\"wp-block-cover__image-background wp-image-203 size-full has-parallax\" style=\"background-position:50% 50%;background-image:url(https:\/\/www.vierlaender-trachtengruppe.de\/en\/wp-content\/uploads\/sites\/2\/2025\/12\/Region-scaled.jpg)\"><\/div><span aria-hidden=\"true\" class=\"wp-block-cover__background has-base-background-color has-background-dim-0 has-background-dim\"><\/span><div class=\"wp-block-cover__inner-container has-global-padding is-layout-constrained wp-container-core-cover-is-layout-e4fd886c wp-block-cover-is-layout-constrained\">\n<div class=\"wp-block-group alignwide has-background has-global-padding is-layout-constrained wp-container-core-group-is-layout-47bfd5f1 wp-block-group-is-layout-constrained\" style=\"border-radius:20px;background:linear-gradient(135deg,rgba(255,255,255,0.77) 2%,rgba(255,255,255,0.77) 100%);margin-top:var(--wp--preset--spacing--40);margin-bottom:var(--wp--preset--spacing--40);padding-top:var(--wp--preset--spacing--20);padding-right:var(--wp--preset--spacing--10);padding-bottom:var(--wp--preset--spacing--20);padding-left:var(--wp--preset--spacing--10);background-repeat:no-repeat;background-size:cover;\">\n<div style=\"height:var(--wp--preset--spacing--10)\" aria-hidden=\"true\" class=\"wp-block-spacer\"><\/div>\n\n\n\n<h2 class=\"wp-block-heading has-text-align-center has-large-font-size\">Discover our region&#8230;<\/h2>\n\n\n\n<p class=\"has-text-align-center\">Typical for the Vierlande are the beautiful, thatched old farmhouses with their richly decorated half-timbered gables.<\/p>\n\n\n\n<div class=\"wp-block-buttons is-content-justification-center is-layout-flex wp-container-core-buttons-is-layout-a89b3969 wp-block-buttons-is-layout-flex\">\n<div class=\"wp-block-button\"><a class=\"wp-block-button__link wp-element-button\" href=\"https:\/\/www.vierlaender-trachtengruppe.de\/de\/vierlande\/\">Vierlande<\/a><\/div>\n<\/div>\n\n\n\n<div style=\"height:var(--wp--preset--spacing--10)\" aria-hidden=\"true\" class=\"wp-block-spacer\"><\/div>\n<\/div>\n<\/div><\/div>\n\n\n\n<div class=\"wp-block-group alignfull has-base-background-color has-background has-global-padding is-layout-constrained wp-container-core-group-is-layout-32a46761 wp-block-group-is-layout-constrained\" style=\"margin-top:0;margin-bottom:0;padding-top:var(--wp--preset--spacing--40);padding-right:var(--wp--preset--spacing--50);padding-bottom:var(--wp--preset--spacing--40);padding-left:var(--wp--preset--spacing--50)\">\n<div class=\"wp-block-columns alignwide is-layout-flex wp-container-core-columns-is-layout-1da03c2a wp-block-columns-is-layout-flex\">\n<div class=\"wp-block-column is-vertically-aligned-center is-layout-flow wp-block-column-is-layout-flow\" style=\"flex-basis:60%\">\n<h2 class=\"wp-block-heading\">Male traditional clothing<\/h2>\n\n\n\n<p>The men&#8217;s dress includes a jacket to protect against the cold. Underneath, he also wears a white shirt and a vest, which is fastened at the front with a double row of flat silver buttons. The black flap trousers reach above the knee and also have silver buttons on the waistband and trouser pockets. Wine-red stockings and black shoes complete the men&#8217;s costume, as do a knotted neckerchief and a handkerchief pinned to the outside of the left trouser pocket. The head of the Vierl\u00e4nder is decorated with a black top hat.<\/p>\n<\/div>\n\n\n\n<div class=\"wp-block-column is-vertically-aligned-center is-layout-flow wp-block-column-is-layout-flow\" style=\"flex-basis:40%\">\n<figure data-wp-context=\"{&quot;imageId&quot;:&quot;69e1fddd64a5f&quot;}\" data-wp-interactive=\"core\/image\" data-wp-key=\"69e1fddd64a5f\" class=\"wp-block-image aligncenter size-large is-resized has-custom-border is-style-rounded is-style-rounded--2 wp-lightbox-container\"><img loading=\"lazy\" decoding=\"async\" width=\"768\" height=\"1024\" data-wp-class--hide=\"state.isContentHidden\" data-wp-class--show=\"state.isContentVisible\" data-wp-init=\"callbacks.setButtonStyles\" data-wp-on--click=\"actions.showLightbox\" data-wp-on--load=\"callbacks.setButtonStyles\" data-wp-on-window--resize=\"callbacks.setButtonStyles\" src=\"https:\/\/www.vierlaender-trachtengruppe.de\/en\/wp-content\/uploads\/sites\/2\/2025\/12\/Male-traditional-clothing-768x1024.png\" alt=\"Male traditional clothing\" class=\"wp-image-202\" style=\"border-radius:20px;aspect-ratio:3\/4;object-fit:cover;width:auto;height:500px\" srcset=\"https:\/\/www.vierlaender-trachtengruppe.de\/en\/wp-content\/uploads\/sites\/2\/2025\/12\/Male-traditional-clothing-768x1024.png 768w, https:\/\/www.vierlaender-trachtengruppe.de\/en\/wp-content\/uploads\/sites\/2\/2025\/12\/Male-traditional-clothing-225x300.png 225w, https:\/\/www.vierlaender-trachtengruppe.de\/en\/wp-content\/uploads\/sites\/2\/2025\/12\/Male-traditional-clothing-1152x1536.png 1152w, https:\/\/www.vierlaender-trachtengruppe.de\/en\/wp-content\/uploads\/sites\/2\/2025\/12\/Male-traditional-clothing-1536x2048.png 1536w, https:\/\/www.vierlaender-trachtengruppe.de\/en\/wp-content\/uploads\/sites\/2\/2025\/12\/Male-traditional-clothing-scaled.png 1920w\" sizes=\"auto, (max-width: 768px) 100vw, 768px\" \/><button\n\t\t\tclass=\"lightbox-trigger\"\n\t\t\ttype=\"button\"\n\t\t\taria-haspopup=\"dialog\"\n\t\t\taria-label=\"Enlarge\"\n\t\t\tdata-wp-init=\"callbacks.initTriggerButton\"\n\t\t\tdata-wp-on--click=\"actions.showLightbox\"\n\t\t\tdata-wp-style--right=\"state.imageButtonRight\"\n\t\t\tdata-wp-style--top=\"state.imageButtonTop\"\n\t\t>\n\t\t\t<svg xmlns=\"http:\/\/www.w3.org\/2000\/svg\" width=\"12\" height=\"12\" fill=\"none\" viewBox=\"0 0 12 12\">\n\t\t\t\t<path fill=\"#fff\" d=\"M2 0a2 2 0 0 0-2 2v2h1.5V2a.5.5 0 0 1 .5-.5h2V0H2Zm2 10.5H2a.5.5 0 0 1-.5-.5V8H0v2a2 2 0 0 0 2 2h2v-1.5ZM8 12v-1.5h2a.5.5 0 0 0 .5-.5V8H12v2a2 2 0 0 1-2 2H8Zm2-12a2 2 0 0 1 2 2v2h-1.5V2a.5.5 0 0 0-.5-.5H8V0h2Z\" \/>\n\t\t\t<\/svg>\n\t\t<\/button><\/figure>\n<\/div>\n<\/div>\n<\/div>\n\n\n\n<div class=\"wp-block-group alignfull has-base-2-background-color has-background has-global-padding is-layout-constrained wp-container-core-group-is-layout-32a46761 wp-block-group-is-layout-constrained\" style=\"margin-top:0;margin-bottom:0;padding-top:var(--wp--preset--spacing--40);padding-right:var(--wp--preset--spacing--50);padding-bottom:var(--wp--preset--spacing--40);padding-left:var(--wp--preset--spacing--50)\">\n<div class=\"wp-block-group alignwide is-layout-flow wp-block-group-is-layout-flow\" style=\"padding-top:var(--wp--preset--spacing--20);padding-bottom:var(--wp--preset--spacing--20)\">\n<p class=\"has-text-align-left\">After having been lost in large trunks for a long time, the traditional clothing is now back on the scene at many occasions such as weddings, birthdays and especially at our harvest festival.<\/p>\n\n\n\n<p>More and more people in the Vierlanden are rediscovering the value of the beautiful traditional clothes for themselves and those who don&#8217;t have their own from old family collections are making a new one from old patterns\u2026<\/p>\n<\/div>\n<\/div>\n","protected":false},"excerpt":{"rendered":"<p>For those who do not know it, traditional clothes are peculiar and colorful clothes, but for the native people it is a talking book. It provides information about the exact place of location, family status, money status and reason why the traditional clothes are used. Almost every detail has a specific meaning. Wer ick b\u00fcnn, [&hellip;]<\/p>\n","protected":false},"author":1,"featured_media":0,"parent":0,"menu_order":0,"comment_status":"closed","ping_status":"closed","template":"","meta":{"footnotes":""},"class_list":["post-20","page","type-page","status-publish","hentry"],"_links":{"self":[{"href":"https:\/\/www.vierlaender-trachtengruppe.de\/en\/wp-json\/wp\/v2\/pages\/20","targetHints":{"allow":["GET"]}}],"collection":[{"href":"https:\/\/www.vierlaender-trachtengruppe.de\/en\/wp-json\/wp\/v2\/pages"}],"about":[{"href":"https:\/\/www.vierlaender-trachtengruppe.de\/en\/wp-json\/wp\/v2\/types\/page"}],"author":[{"embeddable":true,"href":"https:\/\/www.vierlaender-trachtengruppe.de\/en\/wp-json\/wp\/v2\/users\/1"}],"replies":[{"embeddable":true,"href":"https:\/\/www.vierlaender-trachtengruppe.de\/en\/wp-json\/wp\/v2\/comments?post=20"}],"version-history":[{"count":5,"href":"https:\/\/www.vierlaender-trachtengruppe.de\/en\/wp-json\/wp\/v2\/pages\/20\/revisions"}],"predecessor-version":[{"id":204,"href":"https:\/\/www.vierlaender-trachtengruppe.de\/en\/wp-json\/wp\/v2\/pages\/20\/revisions\/204"}],"wp:attachment":[{"href":"https:\/\/www.vierlaender-trachtengruppe.de\/en\/wp-json\/wp\/v2\/media?parent=20"}],"curies":[{"name":"wp","href":"https:\/\/api.w.org\/{rel}","templated":true}]}}