{"id":2,"date":"2025-09-25T20:46:03","date_gmt":"2025-09-25T18:46:03","guid":{"rendered":"https:\/\/www.vierlaender-trachtengruppe.de\/en\/?page_id=2"},"modified":"2025-12-25T10:45:01","modified_gmt":"2025-12-25T09:45:01","slug":"welcome","status":"publish","type":"page","link":"https:\/\/www.vierlaender-trachtengruppe.de\/en\/","title":{"rendered":"Welcome"},"content":{"rendered":"\n<div class=\"wp-block-group alignfull has-global-padding is-layout-constrained wp-container-core-group-is-layout-d89aad35 wp-block-group-is-layout-constrained\" style=\"margin-top:0;margin-bottom:0;padding-top:var(--wp--preset--spacing--50);padding-right:var(--wp--preset--spacing--50);padding-bottom:var(--wp--preset--spacing--50);padding-left:var(--wp--preset--spacing--50)\">\n<div class=\"wp-block-columns alignwide are-vertically-aligned-center is-layout-flex wp-container-core-columns-is-layout-47c06fe3 wp-block-columns-is-layout-flex\">\n<div class=\"wp-block-column is-vertically-aligned-center is-layout-flow wp-block-column-is-layout-flow\" style=\"flex-basis:50%\">\n<h2 class=\"wp-block-heading\"><strong>Welcome to the<\/strong><br \/><strong>Vierl\u00e4nder Trachtengruppe<\/strong><\/h2>\n\n\n\n<p>The Vierl\u00e4nder Trachtengruppe was founded in December 1949 to preserve and maintain old Vierl\u00e4nder and North German folk dances. Even today, old dance descriptions are still used and practiced again.<\/p>\n<\/div>\n\n\n\n<div class=\"wp-block-column is-vertically-aligned-center is-layout-flow wp-block-column-is-layout-flow\" style=\"flex-basis:50%\">\n<figure data-wp-context=\"{&quot;imageId&quot;:&quot;69e7346273bae&quot;}\" data-wp-interactive=\"core\/image\" data-wp-key=\"69e7346273bae\" class=\"wp-block-image aligncenter size-large is-resized has-custom-border is-style-rounded is-style-rounded--1 wp-lightbox-container\"><img loading=\"lazy\" decoding=\"async\" width=\"1024\" height=\"768\" data-wp-class--hide=\"state.isContentHidden\" data-wp-class--show=\"state.isContentVisible\" data-wp-init=\"callbacks.setButtonStyles\" data-wp-on--click=\"actions.showLightbox\" data-wp-on--load=\"callbacks.setButtonStyles\" data-wp-on-window--resize=\"callbacks.setButtonStyles\" src=\"https:\/\/www.vierlaender-trachtengruppe.de\/en\/wp-content\/uploads\/sites\/2\/2025\/12\/Welcome-1024x768.jpg\" alt=\"Welcome\" class=\"wp-image-134\" style=\"border-radius:20px;aspect-ratio:4\/3;object-fit:cover;width:500px\" srcset=\"https:\/\/www.vierlaender-trachtengruppe.de\/en\/wp-content\/uploads\/sites\/2\/2025\/12\/Welcome-1024x768.jpg 1024w, https:\/\/www.vierlaender-trachtengruppe.de\/en\/wp-content\/uploads\/sites\/2\/2025\/12\/Welcome-300x225.jpg 300w, https:\/\/www.vierlaender-trachtengruppe.de\/en\/wp-content\/uploads\/sites\/2\/2025\/12\/Welcome-768x576.jpg 768w, https:\/\/www.vierlaender-trachtengruppe.de\/en\/wp-content\/uploads\/sites\/2\/2025\/12\/Welcome-1536x1152.jpg 1536w, https:\/\/www.vierlaender-trachtengruppe.de\/en\/wp-content\/uploads\/sites\/2\/2025\/12\/Welcome-2048x1536.jpg 2048w\" sizes=\"auto, (max-width: 1024px) 100vw, 1024px\" \/><button\n\t\t\tclass=\"lightbox-trigger\"\n\t\t\ttype=\"button\"\n\t\t\taria-haspopup=\"dialog\"\n\t\t\taria-label=\"Enlarge\"\n\t\t\tdata-wp-init=\"callbacks.initTriggerButton\"\n\t\t\tdata-wp-on--click=\"actions.showLightbox\"\n\t\t\tdata-wp-style--right=\"state.imageButtonRight\"\n\t\t\tdata-wp-style--top=\"state.imageButtonTop\"\n\t\t>\n\t\t\t<svg xmlns=\"http:\/\/www.w3.org\/2000\/svg\" width=\"12\" height=\"12\" fill=\"none\" viewBox=\"0 0 12 12\">\n\t\t\t\t<path fill=\"#fff\" d=\"M2 0a2 2 0 0 0-2 2v2h1.5V2a.5.5 0 0 1 .5-.5h2V0H2Zm2 10.5H2a.5.5 0 0 1-.5-.5V8H0v2a2 2 0 0 0 2 2h2v-1.5ZM8 12v-1.5h2a.5.5 0 0 0 .5-.5V8H12v2a2 2 0 0 1-2 2H8Zm2-12a2 2 0 0 1 2 2v2h-1.5V2a.5.5 0 0 0-.5-.5H8V0h2Z\" \/>\n\t\t\t<\/svg>\n\t\t<\/button><\/figure>\n<\/div>\n<\/div>\n<\/div>\n\n\n\n<div class=\"wp-block-group alignfull has-base-2-background-color has-background has-global-padding is-layout-constrained wp-container-core-group-is-layout-d89aad35 wp-block-group-is-layout-constrained\" style=\"margin-top:0;margin-bottom:0;padding-top:var(--wp--preset--spacing--50);padding-right:var(--wp--preset--spacing--50);padding-bottom:var(--wp--preset--spacing--50);padding-left:var(--wp--preset--spacing--50)\">\n<div class=\"wp-block-columns alignwide is-layout-flex wp-container-core-columns-is-layout-1da03c2a wp-block-columns-is-layout-flex\">\n<div class=\"wp-block-column is-vertically-aligned-center is-layout-flow wp-block-column-is-layout-flow\" style=\"flex-basis:50%\">\n<figure data-wp-context=\"{&quot;imageId&quot;:&quot;69e73462747e5&quot;}\" data-wp-interactive=\"core\/image\" data-wp-key=\"69e73462747e5\" class=\"wp-block-image aligncenter size-large is-resized has-custom-border is-style-rounded is-style-rounded--2 wp-lightbox-container\"><img loading=\"lazy\" decoding=\"async\" width=\"1024\" height=\"768\" data-wp-class--hide=\"state.isContentHidden\" data-wp-class--show=\"state.isContentVisible\" data-wp-init=\"callbacks.setButtonStyles\" data-wp-on--click=\"actions.showLightbox\" data-wp-on--load=\"callbacks.setButtonStyles\" data-wp-on-window--resize=\"callbacks.setButtonStyles\" src=\"https:\/\/www.vierlaender-trachtengruppe.de\/en\/wp-content\/uploads\/sites\/2\/2025\/12\/Get-to-know-us-1024x768.jpg\" alt=\"Get to know us\" class=\"wp-image-137\" style=\"border-radius:20px;aspect-ratio:4\/3;object-fit:cover;width:500px\" srcset=\"https:\/\/www.vierlaender-trachtengruppe.de\/en\/wp-content\/uploads\/sites\/2\/2025\/12\/Get-to-know-us-1024x768.jpg 1024w, https:\/\/www.vierlaender-trachtengruppe.de\/en\/wp-content\/uploads\/sites\/2\/2025\/12\/Get-to-know-us-300x225.jpg 300w, https:\/\/www.vierlaender-trachtengruppe.de\/en\/wp-content\/uploads\/sites\/2\/2025\/12\/Get-to-know-us-768x576.jpg 768w, https:\/\/www.vierlaender-trachtengruppe.de\/en\/wp-content\/uploads\/sites\/2\/2025\/12\/Get-to-know-us-1536x1152.jpg 1536w, https:\/\/www.vierlaender-trachtengruppe.de\/en\/wp-content\/uploads\/sites\/2\/2025\/12\/Get-to-know-us-2048x1536.jpg 2048w\" sizes=\"auto, (max-width: 1024px) 100vw, 1024px\" \/><button\n\t\t\tclass=\"lightbox-trigger\"\n\t\t\ttype=\"button\"\n\t\t\taria-haspopup=\"dialog\"\n\t\t\taria-label=\"Enlarge\"\n\t\t\tdata-wp-init=\"callbacks.initTriggerButton\"\n\t\t\tdata-wp-on--click=\"actions.showLightbox\"\n\t\t\tdata-wp-style--right=\"state.imageButtonRight\"\n\t\t\tdata-wp-style--top=\"state.imageButtonTop\"\n\t\t>\n\t\t\t<svg xmlns=\"http:\/\/www.w3.org\/2000\/svg\" width=\"12\" height=\"12\" fill=\"none\" viewBox=\"0 0 12 12\">\n\t\t\t\t<path fill=\"#fff\" d=\"M2 0a2 2 0 0 0-2 2v2h1.5V2a.5.5 0 0 1 .5-.5h2V0H2Zm2 10.5H2a.5.5 0 0 1-.5-.5V8H0v2a2 2 0 0 0 2 2h2v-1.5ZM8 12v-1.5h2a.5.5 0 0 0 .5-.5V8H12v2a2 2 0 0 1-2 2H8Zm2-12a2 2 0 0 1 2 2v2h-1.5V2a.5.5 0 0 0-.5-.5H8V0h2Z\" \/>\n\t\t\t<\/svg>\n\t\t<\/button><\/figure>\n<\/div>\n\n\n\n<div class=\"wp-block-column is-vertically-aligned-center is-layout-flow wp-block-column-is-layout-flow\" style=\"flex-basis:50%\">\n<h2 class=\"wp-block-heading\">Get to know us\u2026<\/h2>\n\n\n\n<p>The Vierl\u00e4nder Trachtengruppe consists of dancers, musicians and our soloist. The Trachtengruppe arranges programs for various events of different durations. The repertoire includes many different dances, especially from the Vierlande region and northern Germany. At our events we dance to live music (accordion).<\/p>\n\n\n\n<div class=\"wp-block-buttons is-layout-flex wp-block-buttons-is-layout-flex\">\n<div class=\"wp-block-button\"><a class=\"wp-block-button__link wp-element-button\" href=\"https:\/\/www.vierlaender-trachtengruppe.de\/en\/members\/\">Members<\/a><\/div>\n\n\n\n<div class=\"wp-block-button is-style-outline is-style-outline--3\"><a class=\"wp-block-button__link wp-element-button\" href=\"https:\/\/www.vierlaender-trachtengruppe.de\/en\/contact\/\">Contact<\/a><\/div>\n<\/div>\n<\/div>\n<\/div>\n<\/div>\n\n\n\n<div class=\"wp-block-group alignfull has-base-background-color has-background has-global-padding is-layout-constrained wp-container-core-group-is-layout-669513ed wp-block-group-is-layout-constrained\" style=\"margin-top:0;margin-bottom:0;padding-top:var(--wp--preset--spacing--50);padding-right:var(--wp--preset--spacing--50);padding-bottom:var(--wp--preset--spacing--50);padding-left:var(--wp--preset--spacing--50)\">\n<div class=\"wp-block-columns alignwide is-layout-flex wp-container-core-columns-is-layout-1da03c2a wp-block-columns-is-layout-flex\">\n<div class=\"wp-block-column is-vertically-aligned-stretch is-layout-flow wp-block-column-is-layout-flow\" style=\"flex-basis:50%\">\n<div class=\"wp-block-group is-vertical is-content-justification-left is-layout-flex wp-container-core-group-is-layout-b21d21b4 wp-block-group-is-layout-flex\" style=\"min-height:100%\">\n<p class=\"has-heading-font-family has-x-large-font-size\" style=\"line-height:1.2\">Traditional Clothing&#8230;<\/p>\n\n\n\n<p class=\"wp-container-content-0733e5d0\">Our group does not dance in &#8220;fantasy costumes&#8221;, for the most part we dance in historical costumes that are around 150 to 190 years old. Individual parts of these beautiful historical clothes have been carefully restored or renewed.<\/p>\n\n\n\n<div class=\"wp-block-buttons is-layout-flex wp-block-buttons-is-layout-flex\">\n<div class=\"wp-block-button\"><a class=\"wp-block-button__link wp-element-button\" href=\"https:\/\/www.vierlaender-trachtengruppe.de\/en\/clothing\/\">Clothing<\/a><\/div>\n\n\n\n<div class=\"wp-block-button is-style-outline is-style-outline--4\"><a class=\"wp-block-button__link wp-element-button\" href=\"https:\/\/www.vierlaender-trachtengruppe.de\/en\/region\/\">Region<\/a><\/div>\n<\/div>\n<\/div>\n<\/div>\n\n\n\n<div class=\"wp-block-column is-vertically-aligned-center is-layout-flow wp-block-column-is-layout-flow\" style=\"flex-basis:50%\">\n<figure data-wp-context=\"{&quot;imageId&quot;:&quot;69e7346275f6e&quot;}\" data-wp-interactive=\"core\/image\" data-wp-key=\"69e7346275f6e\" class=\"wp-block-image aligncenter size-large is-resized has-custom-border is-style-rounded is-style-rounded--5 wp-lightbox-container\"><img loading=\"lazy\" decoding=\"async\" width=\"768\" height=\"1024\" data-wp-class--hide=\"state.isContentHidden\" data-wp-class--show=\"state.isContentVisible\" data-wp-init=\"callbacks.setButtonStyles\" data-wp-on--click=\"actions.showLightbox\" data-wp-on--load=\"callbacks.setButtonStyles\" data-wp-on-window--resize=\"callbacks.setButtonStyles\" src=\"https:\/\/www.vierlaender-trachtengruppe.de\/en\/wp-content\/uploads\/sites\/2\/2025\/12\/Traditional-Clothing-768x1024.jpg\" alt=\"Traditional Clothing\" class=\"wp-image-142\" style=\"border-radius:20px;aspect-ratio:3\/4;object-fit:cover;width:auto;height:500px\" srcset=\"https:\/\/www.vierlaender-trachtengruppe.de\/en\/wp-content\/uploads\/sites\/2\/2025\/12\/Traditional-Clothing-768x1024.jpg 768w, https:\/\/www.vierlaender-trachtengruppe.de\/en\/wp-content\/uploads\/sites\/2\/2025\/12\/Traditional-Clothing-225x300.jpg 225w, https:\/\/www.vierlaender-trachtengruppe.de\/en\/wp-content\/uploads\/sites\/2\/2025\/12\/Traditional-Clothing-1152x1536.jpg 1152w, https:\/\/www.vierlaender-trachtengruppe.de\/en\/wp-content\/uploads\/sites\/2\/2025\/12\/Traditional-Clothing-1536x2048.jpg 1536w, https:\/\/www.vierlaender-trachtengruppe.de\/en\/wp-content\/uploads\/sites\/2\/2025\/12\/Traditional-Clothing-scaled.jpg 1920w\" sizes=\"auto, (max-width: 768px) 100vw, 768px\" \/><button\n\t\t\tclass=\"lightbox-trigger\"\n\t\t\ttype=\"button\"\n\t\t\taria-haspopup=\"dialog\"\n\t\t\taria-label=\"Enlarge\"\n\t\t\tdata-wp-init=\"callbacks.initTriggerButton\"\n\t\t\tdata-wp-on--click=\"actions.showLightbox\"\n\t\t\tdata-wp-style--right=\"state.imageButtonRight\"\n\t\t\tdata-wp-style--top=\"state.imageButtonTop\"\n\t\t>\n\t\t\t<svg xmlns=\"http:\/\/www.w3.org\/2000\/svg\" width=\"12\" height=\"12\" fill=\"none\" viewBox=\"0 0 12 12\">\n\t\t\t\t<path fill=\"#fff\" d=\"M2 0a2 2 0 0 0-2 2v2h1.5V2a.5.5 0 0 1 .5-.5h2V0H2Zm2 10.5H2a.5.5 0 0 1-.5-.5V8H0v2a2 2 0 0 0 2 2h2v-1.5ZM8 12v-1.5h2a.5.5 0 0 0 .5-.5V8H12v2a2 2 0 0 1-2 2H8Zm2-12a2 2 0 0 1 2 2v2h-1.5V2a.5.5 0 0 0-.5-.5H8V0h2Z\" \/>\n\t\t\t<\/svg>\n\t\t<\/button><\/figure>\n<\/div>\n<\/div>\n<\/div>\n\n\n\n<div class=\"wp-block-cover alignfull is-light has-parallax\" style=\"padding-top:var(--wp--preset--spacing--50);padding-right:var(--wp--preset--spacing--50);padding-bottom:var(--wp--preset--spacing--50);padding-left:var(--wp--preset--spacing--50);min-height:100vh;aspect-ratio:unset;\"><div role=\"img\" aria-label=\"Library\" class=\"wp-block-cover__image-background wp-image-145 size-full has-parallax\" style=\"background-position:50% 50%;background-image:url(https:\/\/www.vierlaender-trachtengruppe.de\/en\/wp-content\/uploads\/sites\/2\/2025\/12\/Library-scaled.jpg)\"><\/div><span aria-hidden=\"true\" class=\"wp-block-cover__background has-base-background-color has-background-dim-0 has-background-dim\"><\/span><div class=\"wp-block-cover__inner-container has-global-padding is-layout-constrained wp-container-core-cover-is-layout-e4fd886c wp-block-cover-is-layout-constrained\">\n\n<div class=\"wp-block-group alignwide has-background has-global-padding is-layout-constrained wp-container-core-group-is-layout-47bfd5f1 wp-block-group-is-layout-constrained\" style=\"border-radius:20px;background:linear-gradient(135deg,rgba(255,255,255,0.77) 2%,rgba(255,255,255,0.77) 100%);margin-top:var(--wp--preset--spacing--40);margin-bottom:var(--wp--preset--spacing--40);padding-top:var(--wp--preset--spacing--20);padding-right:var(--wp--preset--spacing--10);padding-bottom:var(--wp--preset--spacing--20);padding-left:var(--wp--preset--spacing--10);background-repeat:no-repeat;background-size:cover;\">\n\n<div style=\"height:var(--wp--preset--spacing--10)\" aria-hidden=\"true\" class=\"wp-block-spacer\"><\/div>\n\n\n<h2 class=\"wp-block-heading has-text-align-center has-large-font-size\">Photos, history and much more\u2026<\/h2>\n\n\n<p class=\"has-text-align-center\">Discover the history of our group or find further information, photos and videos about past events in our Library.<\/p>\n\n\n<div class=\"wp-block-buttons is-content-justification-center is-layout-flex wp-container-core-buttons-is-layout-a89b3969 wp-block-buttons-is-layout-flex\">\n\n<div class=\"wp-block-button\"><a class=\"wp-block-button__link wp-element-button\" href=\"https:\/\/www.vierlaender-trachtengruppe.de\/de\/mediathek\/\">Library<\/a><\/div>\n\n<\/div>\n\n\n<div style=\"height:var(--wp--preset--spacing--10)\" aria-hidden=\"true\" class=\"wp-block-spacer\"><\/div>\n\n<\/div>\n\n<\/div><\/div>\n\n\n\n<div class=\"wp-block-group alignfull has-base-2-background-color has-background has-global-padding is-layout-constrained wp-container-core-group-is-layout-d89aad35 wp-block-group-is-layout-constrained\" style=\"margin-top:0;margin-bottom:0;padding-top:var(--wp--preset--spacing--50);padding-right:var(--wp--preset--spacing--50);padding-bottom:var(--wp--preset--spacing--50);padding-left:var(--wp--preset--spacing--50)\">\n<div class=\"wp-block-columns alignwide is-layout-flex wp-container-core-columns-is-layout-1da03c2a wp-block-columns-is-layout-flex\">\n<div class=\"wp-block-column is-vertically-aligned-center is-layout-flow wp-block-column-is-layout-flow\" style=\"flex-basis:50%\">\n<figure data-wp-context=\"{&quot;imageId&quot;:&quot;69e7346276d0a&quot;}\" data-wp-interactive=\"core\/image\" data-wp-key=\"69e7346276d0a\" class=\"wp-block-image aligncenter size-large is-resized has-custom-border is-style-rounded is-style-rounded--6 wp-lightbox-container\"><img loading=\"lazy\" decoding=\"async\" width=\"768\" height=\"1024\" data-wp-class--hide=\"state.isContentHidden\" data-wp-class--show=\"state.isContentVisible\" data-wp-init=\"callbacks.setButtonStyles\" data-wp-on--click=\"actions.showLightbox\" data-wp-on--load=\"callbacks.setButtonStyles\" data-wp-on-window--resize=\"callbacks.setButtonStyles\" src=\"https:\/\/www.vierlaender-trachtengruppe.de\/en\/wp-content\/uploads\/sites\/2\/2025\/12\/Simply-book-us-768x1024.jpg\" alt=\"Simply book us\" class=\"wp-image-144\" style=\"border-radius:20px;aspect-ratio:3\/4;object-fit:cover;width:auto;height:500px\" srcset=\"https:\/\/www.vierlaender-trachtengruppe.de\/en\/wp-content\/uploads\/sites\/2\/2025\/12\/Simply-book-us-768x1024.jpg 768w, https:\/\/www.vierlaender-trachtengruppe.de\/en\/wp-content\/uploads\/sites\/2\/2025\/12\/Simply-book-us-225x300.jpg 225w, https:\/\/www.vierlaender-trachtengruppe.de\/en\/wp-content\/uploads\/sites\/2\/2025\/12\/Simply-book-us-1152x1536.jpg 1152w, https:\/\/www.vierlaender-trachtengruppe.de\/en\/wp-content\/uploads\/sites\/2\/2025\/12\/Simply-book-us-1536x2048.jpg 1536w, https:\/\/www.vierlaender-trachtengruppe.de\/en\/wp-content\/uploads\/sites\/2\/2025\/12\/Simply-book-us-scaled.jpg 1920w\" sizes=\"auto, (max-width: 768px) 100vw, 768px\" \/><button\n\t\t\tclass=\"lightbox-trigger\"\n\t\t\ttype=\"button\"\n\t\t\taria-haspopup=\"dialog\"\n\t\t\taria-label=\"Enlarge\"\n\t\t\tdata-wp-init=\"callbacks.initTriggerButton\"\n\t\t\tdata-wp-on--click=\"actions.showLightbox\"\n\t\t\tdata-wp-style--right=\"state.imageButtonRight\"\n\t\t\tdata-wp-style--top=\"state.imageButtonTop\"\n\t\t>\n\t\t\t<svg xmlns=\"http:\/\/www.w3.org\/2000\/svg\" width=\"12\" height=\"12\" fill=\"none\" viewBox=\"0 0 12 12\">\n\t\t\t\t<path fill=\"#fff\" d=\"M2 0a2 2 0 0 0-2 2v2h1.5V2a.5.5 0 0 1 .5-.5h2V0H2Zm2 10.5H2a.5.5 0 0 1-.5-.5V8H0v2a2 2 0 0 0 2 2h2v-1.5ZM8 12v-1.5h2a.5.5 0 0 0 .5-.5V8H12v2a2 2 0 0 1-2 2H8Zm2-12a2 2 0 0 1 2 2v2h-1.5V2a.5.5 0 0 0-.5-.5H8V0h2Z\" \/>\n\t\t\t<\/svg>\n\t\t<\/button><\/figure>\n<\/div>\n\n\n\n<div class=\"wp-block-column is-vertically-aligned-center is-layout-flow wp-block-column-is-layout-flow\" style=\"flex-basis:50%\">\n<h2 class=\"wp-block-heading\">Simply book us\u2026<\/h2>\n\n\n\n<p>The program of the Vierl\u00e4nder Trachtengruppe are performed at events of national and international groups, at club festivals, private anniversaries such as birthdays or weddings and other events.<\/p>\n\n\n\n<p>We are also happy to receive invitations to company events, city festivals, congresses or events in the name of the Free and Hanseatic City of Hamburg.<\/p>\n\n\n\n<p>We would be pleased to dance for you too. Please feel free to contact us\u2026<\/p>\n\n\n\n<div class=\"wp-block-buttons is-layout-flex wp-block-buttons-is-layout-flex\">\n<div class=\"wp-block-button\"><a class=\"wp-block-button__link wp-element-button\" href=\"https:\/\/www.vierlaender-trachtengruppe.de\/en\/contact\/\">Contact<\/a><\/div>\n<\/div>\n<\/div>\n<\/div>\n<\/div>\n","protected":false},"excerpt":{"rendered":"<p>Welcome to theVierl\u00e4nder Trachtengruppe The Vierl\u00e4nder Trachtengruppe was founded in December 1949 to preserve and maintain old Vierl\u00e4nder and North German folk dances. Even today, old dance descriptions are still used and practiced again. Get to know us\u2026 The Vierl\u00e4nder Trachtengruppe consists of dancers, musicians and our soloist. The Trachtengruppe arranges programs for various events [&hellip;]<\/p>\n","protected":false},"author":1,"featured_media":0,"parent":0,"menu_order":0,"comment_status":"closed","ping_status":"open","template":"","meta":{"footnotes":""},"class_list":["post-2","page","type-page","status-publish","hentry"],"_links":{"self":[{"href":"https:\/\/www.vierlaender-trachtengruppe.de\/en\/wp-json\/wp\/v2\/pages\/2","targetHints":{"allow":["GET"]}}],"collection":[{"href":"https:\/\/www.vierlaender-trachtengruppe.de\/en\/wp-json\/wp\/v2\/pages"}],"about":[{"href":"https:\/\/www.vierlaender-trachtengruppe.de\/en\/wp-json\/wp\/v2\/types\/page"}],"author":[{"embeddable":true,"href":"https:\/\/www.vierlaender-trachtengruppe.de\/en\/wp-json\/wp\/v2\/users\/1"}],"replies":[{"embeddable":true,"href":"https:\/\/www.vierlaender-trachtengruppe.de\/en\/wp-json\/wp\/v2\/comments?post=2"}],"version-history":[{"count":5,"href":"https:\/\/www.vierlaender-trachtengruppe.de\/en\/wp-json\/wp\/v2\/pages\/2\/revisions"}],"predecessor-version":[{"id":247,"href":"https:\/\/www.vierlaender-trachtengruppe.de\/en\/wp-json\/wp\/v2\/pages\/2\/revisions\/247"}],"wp:attachment":[{"href":"https:\/\/www.vierlaender-trachtengruppe.de\/en\/wp-json\/wp\/v2\/media?parent=2"}],"curies":[{"name":"wp","href":"https:\/\/api.w.org\/{rel}","templated":true}]}}