{"id":59,"date":"2025-09-25T22:35:16","date_gmt":"2025-09-25T20:35:16","guid":{"rendered":"https:\/\/www.vierlaender-trachtengruppe.de\/de\/?page_id=59"},"modified":"2025-10-26T11:35:53","modified_gmt":"2025-10-26T10:35:53","slug":"impressum","status":"publish","type":"page","link":"https:\/\/www.vierlaender-trachtengruppe.de\/de\/impressum\/","title":{"rendered":"Impressum"},"content":{"rendered":"\n<div class=\"wp-block-group alignwide is-layout-flow wp-block-group-is-layout-flow\">\n<div class=\"wp-block-columns is-layout-flex wp-container-core-columns-is-layout-28f84493 wp-block-columns-is-layout-flex\">\n<div class=\"wp-block-column is-layout-flow wp-block-column-is-layout-flow\" style=\"flex-basis:50%\">\n<h4 class=\"wp-block-heading\"><strong><strong><strong>Vierl\u00e4nder Trachtengruppe<\/strong><\/strong><\/strong><\/h4>\n\n\n\n<p>SC Vier- und Marschlande von 1899 e.V<br>Auf dem S\u00fclzbrack 2<br>21037 Hamburg<\/p>\n\n\n\n<p>Vereinsregister: VR7074<br>Registergericht: Amtsgericht Hamburg<\/p>\n<\/div>\n\n\n\n<div class=\"wp-block-column is-layout-flow wp-block-column-is-layout-flow\" style=\"padding-top:0;padding-right:0;padding-bottom:0;padding-left:0;flex-basis:50%\"><div class=\"aligncenter wp-block-site-logo\"><a href=\"https:\/\/www.vierlaender-trachtengruppe.de\/de\/\" class=\"custom-logo-link\" rel=\"home\"><img loading=\"lazy\" decoding=\"async\" width=\"200\" height=\"200\" src=\"https:\/\/www.vierlaender-trachtengruppe.de\/de\/wp-content\/uploads\/2025\/09\/Logo.png\" class=\"custom-logo\" alt=\"Vierl\u00e4nder Trachtengruppe\" srcset=\"https:\/\/www.vierlaender-trachtengruppe.de\/de\/wp-content\/uploads\/2025\/09\/Logo.png 1024w, https:\/\/www.vierlaender-trachtengruppe.de\/de\/wp-content\/uploads\/2025\/09\/Logo-300x300.png 300w, https:\/\/www.vierlaender-trachtengruppe.de\/de\/wp-content\/uploads\/2025\/09\/Logo-150x150.png 150w, https:\/\/www.vierlaender-trachtengruppe.de\/de\/wp-content\/uploads\/2025\/09\/Logo-768x768.png 768w\" sizes=\"auto, (max-width: 200px) 100vw, 200px\" \/><\/a><\/div><\/div>\n<\/div>\n\n\n\n<div style=\"height:20px\" aria-hidden=\"true\" class=\"wp-block-spacer\"><\/div>\n<\/div>\n\n\n\n<div class=\"wp-block-group alignwide is-layout-flow wp-block-group-is-layout-flow\">\n<h4 class=\"wp-block-heading\"><strong>Vertreten durch<\/strong><\/h4>\n\n\n\n<p>SC Vier- und Marschlande von 1899 e.V.<br>Norbert Kurf\u00fcrst (Vorstand)<\/p>\n\n\n\n<p>Vierl\u00e4nder Trachtengruppe<br>Sabine Schmitt, Heiko Schmitt und Udo Tepp (Spartenleitung)<\/p>\n\n\n\n<div style=\"height:20px\" aria-hidden=\"true\" class=\"wp-block-spacer\"><\/div>\n<\/div>\n\n\n\n<div class=\"wp-block-group alignwide is-layout-flow wp-block-group-is-layout-flow\">\n<h4 class=\"wp-block-heading\"><strong>Kontakt<\/strong><\/h4>\n\n\n\n<p>SC Vier- und Marschlande von 1899 e.V.<br>Telefon: 040 \/ 723 99 29<br>Fax: 040 \/ 723 99 03<br>E-Mail: vorstand [at] scvm [dot] de<br>Internet: https:\/\/www.scvm.de\/<\/p>\n\n\n\n<p>Vierl\u00e4nder Trachtengruppe<br>Telefon: 040 \/ 723 99 29<br>Fax: 040 \/ 723 99 03<br>E-Mail: info [at] vierlaender [minus] trachtengruppe [dot] de<br>Internet: https:\/\/www.vierlaender-trachtengruppe.de\/<\/p>\n\n\n\n<div style=\"height:20px\" aria-hidden=\"true\" class=\"wp-block-spacer\"><\/div>\n<\/div>\n\n\n\n<div class=\"wp-block-group alignwide is-layout-flow wp-block-group-is-layout-flow\">\n<h4 class=\"wp-block-heading\"><strong>Verantwortlich f\u00fcr den Inhalt<\/strong><\/h4>\n\n\n\n<p>Vierl\u00e4nder Trachtengruppe im&nbsp;<br>SC Vier- und Marschlande von 1899 e.V<br>Auf dem S\u00fclzbrack 2<br>21037 Hamburg<\/p>\n\n\n\n<p>Sabine Schmitt, Heiko Schmitt und Udo Tepp<br>sowie K. Bierkarre, G. Nissen, A. Kock, R. Kob<\/p>\n\n\n\n<div style=\"height:20px\" aria-hidden=\"true\" class=\"wp-block-spacer\"><\/div>\n<\/div>\n\n\n\n<div class=\"wp-block-group alignwide is-layout-flow wp-block-group-is-layout-flow\">\n<h4 class=\"wp-block-heading\"><strong>Haftung f\u00fcr Inhalte<\/strong><\/h4>\n\n\n\n<p>Als Diensteanbieter sind wir f\u00fcr eigene Inhalte auf diesen Seiten nach den allgemeinen Gesetzen verantwortlich. Wir sind als Diensteanbieter jedoch nicht verpflichtet, \u00fcbermittelte oder gespeicherte fremde Informationen zu \u00fcberwachen oder nach Umst\u00e4nden zu forschen, die auf eine rechtswidrige T\u00e4tigkeit hinweisen.<\/p>\n\n\n\n<p>Verpflichtungen zur Entfernung oder Sperrung der Nutzung von Informationen nach den allgemeinen Gesetzen bleiben hiervon unber\u00fchrt. Eine diesbez\u00fcgliche Haftung ist jedoch erst ab dem Zeitpunkt der Kenntnis einer konkreten Rechtsverletzung m\u00f6glich. Bei Bekanntwerden von entsprechenden Rechtsverletzungen werden wir diese Inhalte umgehend entfernen.<\/p>\n\n\n\n<div style=\"height:20px\" aria-hidden=\"true\" class=\"wp-block-spacer\"><\/div>\n<\/div>\n\n\n\n<div class=\"wp-block-group alignwide is-layout-flow wp-block-group-is-layout-flow\">\n<h4 class=\"wp-block-heading\"><strong>Haftung f\u00fcr Links<\/strong><\/h4>\n\n\n\n<p>Unser Angebot enth\u00e4lt Links zu externen Websites Dritter, auf deren Inhalte wir keinen Einfluss haben. Deshalb k\u00f6nnen wir f\u00fcr diese fremden Inhalte auch keine Gew\u00e4hr \u00fcbernehmen. F\u00fcr die Inhalte der verlinkten Seiten ist stets der jeweilige Anbieter oder Betreiber der Seiten verantwortlich. Die verlinkten Seiten wurden zum Zeitpunkt der Verlinkung auf m\u00f6gliche Rechtsverst\u00f6\u00dfe \u00fcberpr\u00fcft. Rechtswidrige Inhalte waren zum Zeitpunkt der Verlinkung nicht erkennbar.<\/p>\n\n\n\n<p>Eine permanente inhaltliche Kontrolle der verlinkten Seiten ist jedoch ohne konkrete Anhaltspunkte einer Rechtsverletzung nicht zumutbar. Bei Bekanntwerden von Rechtsverletzungen werden wir derartige Links umgehend entfernen.<\/p>\n\n\n\n<div style=\"height:20px\" aria-hidden=\"true\" class=\"wp-block-spacer\"><\/div>\n<\/div>\n\n\n\n<div class=\"wp-block-group alignwide is-layout-flow wp-block-group-is-layout-flow\">\n<h4 class=\"wp-block-heading\"><strong>Urheberrecht<\/strong><\/h4>\n\n\n\n<p>Die durch die Seitenbetreiber erstellten Inhalte und Werke auf diesen Seiten unterliegen dem deutschen Urheberrecht. Die Vervielf\u00e4ltigung, Bearbeitung, Verbreitung und jede Art der Verwertung au\u00dferhalb der Grenzen des Urheberrechtes bed\u00fcrfen der schriftlichen Zustimmung des jeweiligen Autors bzw. Erstellers. Downloads und Kopien dieser Seite sind nur f\u00fcr den privaten, nicht kommerziellen Gebrauch gestattet.<\/p>\n\n\n\n<p>Soweit die Inhalte auf dieser Seite nicht vom Betreiber erstellt wurden, werden die Urheberrechte Dritter beachtet. Insbesondere werden Inhalte Dritter als solche gekennzeichnet. Solltest du trotzdem auf eine Urheberrechtsverletzung aufmerksam werden, bitten wir um einen entsprechenden Hinweis. Bei Bekanntwerden von Rechtsverletzungen werden wir derartige Inhalte umgehend entfernen.<\/p>\n\n\n\n<div style=\"height:20px\" aria-hidden=\"true\" class=\"wp-block-spacer\"><\/div>\n<\/div>\n\n\n\n<div class=\"wp-block-group alignwide is-layout-flow wp-block-group-is-layout-flow\">\n<h4 class=\"wp-block-heading\"><strong>Verbraucherstreitbeilegung<\/strong><\/h4>\n\n\n\n<p>Wir sind nicht bereit oder verpflichtet, an Streitbeilegungsverfahren vor einer Verbraucherschlichtungsstelle teilzunehmen.<\/p>\n\n\n\n<div style=\"height:20px\" aria-hidden=\"true\" class=\"wp-block-spacer\"><\/div>\n<\/div>\n","protected":false},"excerpt":{"rendered":"<p>Vierl\u00e4nder Trachtengruppe SC Vier- und Marschlande von 1899 e.VAuf dem S\u00fclzbrack 221037 Hamburg Vereinsregister: VR7074Registergericht: Amtsgericht Hamburg Vertreten durch SC Vier- und Marschlande von 1899 e.V.Norbert Kurf\u00fcrst (Vorstand) Vierl\u00e4nder TrachtengruppeSabine Schmitt, Heiko Schmitt und Udo Tepp (Spartenleitung) Kontakt SC Vier- und Marschlande von 1899 e.V.Telefon: 040 \/ 723 99 29Fax: 040 \/ 723 99 03E-Mail: [&hellip;]<\/p>\n","protected":false},"author":1,"featured_media":0,"parent":0,"menu_order":0,"comment_status":"closed","ping_status":"closed","template":"","meta":{"footnotes":""},"class_list":["post-59","page","type-page","status-publish","hentry"],"_links":{"self":[{"href":"https:\/\/www.vierlaender-trachtengruppe.de\/de\/wp-json\/wp\/v2\/pages\/59","targetHints":{"allow":["GET"]}}],"collection":[{"href":"https:\/\/www.vierlaender-trachtengruppe.de\/de\/wp-json\/wp\/v2\/pages"}],"about":[{"href":"https:\/\/www.vierlaender-trachtengruppe.de\/de\/wp-json\/wp\/v2\/types\/page"}],"author":[{"embeddable":true,"href":"https:\/\/www.vierlaender-trachtengruppe.de\/de\/wp-json\/wp\/v2\/users\/1"}],"replies":[{"embeddable":true,"href":"https:\/\/www.vierlaender-trachtengruppe.de\/de\/wp-json\/wp\/v2\/comments?post=59"}],"version-history":[{"count":5,"href":"https:\/\/www.vierlaender-trachtengruppe.de\/de\/wp-json\/wp\/v2\/pages\/59\/revisions"}],"predecessor-version":[{"id":177,"href":"https:\/\/www.vierlaender-trachtengruppe.de\/de\/wp-json\/wp\/v2\/pages\/59\/revisions\/177"}],"wp:attachment":[{"href":"https:\/\/www.vierlaender-trachtengruppe.de\/de\/wp-json\/wp\/v2\/media?parent=59"}],"curies":[{"name":"wp","href":"https:\/\/api.w.org\/{rel}","templated":true}]}}