{"id":21,"date":"2025-09-25T20:05:06","date_gmt":"2025-09-25T18:05:06","guid":{"rendered":"https:\/\/www.vierlaender-trachtengruppe.de\/?page_id=21"},"modified":"2025-12-21T15:26:23","modified_gmt":"2025-12-21T14:26:23","slug":"trachten","status":"publish","type":"page","link":"https:\/\/www.vierlaender-trachtengruppe.de\/de\/trachten\/","title":{"rendered":"Trachten"},"content":{"rendered":"\n<div class=\"wp-block-group alignfull has-base-2-background-color has-background has-global-padding is-content-justification-center is-layout-constrained wp-container-core-group-is-layout-57479b6d wp-block-group-is-layout-constrained\" style=\"margin-top:0;margin-bottom:0;padding-top:var(--wp--preset--spacing--40);padding-right:var(--wp--preset--spacing--50);padding-bottom:var(--wp--preset--spacing--40);padding-left:var(--wp--preset--spacing--50)\">\n<div class=\"wp-block-group alignwide is-layout-flow wp-block-group-is-layout-flow\" style=\"padding-top:var(--wp--preset--spacing--20);padding-bottom:var(--wp--preset--spacing--20)\">\n<p>F\u00fcr den Laien eine eigent\u00fcmliche bunte Tracht, ist die Vierl\u00e4nder Tracht f\u00fcr den Vierl\u00e4nder ein sprechendes Buch. Sie gibt Auskunft \u00fcber den genauen Wohnort, Familienstand, Kapital und den Anlass zu dem man die Tracht tr\u00e4gt. Nahezu jedes Detail hat eine bestimmte Bedeutung.<\/p>\n<\/div>\n\n\n\n<figure class=\"wp-block-pullquote alignwide has-text-align-center has-base-background-color has-background\" style=\"margin-top:var(--wp--preset--spacing--20);margin-bottom:var(--wp--preset--spacing--20);padding-top:var(--wp--preset--spacing--20);padding-right:var(--wp--preset--spacing--20);padding-bottom:var(--wp--preset--spacing--20);padding-left:var(--wp--preset--spacing--20);font-size:clamp(0.984rem, 0.984rem + ((1vw - 0.2rem) * 0.86), 1.5rem);\"><blockquote><p><em>Wer ick b\u00fcnn, wat ick will un woher ick kumm, <\/em><br><em>mi de Frog to stellen is eegentlich to dumm.<br>Wer de Tracht h\u00f6r wohl kennt, de s\u00fcht dat mie an, <\/em><br><em>ick kumm ja direkt ut Verlann, Verlann!<\/em><\/p><cite>Quelle: Vierl\u00e4nder Lied aus &#8222;\u00dcber&#8217;n gro\u00dfen Teich&#8220; (A. Philipp)<\/cite><\/blockquote><\/figure>\n\n\n\n<div class=\"wp-block-group alignwide is-layout-flow wp-block-group-is-layout-flow\" style=\"padding-top:var(--wp--preset--spacing--20);padding-bottom:var(--wp--preset--spacing--20)\">\n<p>Noch bis 1920 pr\u00e4sentierte sich der stolze Vierl\u00e4nder in seiner wertvollen Tracht. Auf M\u00e4rkten galt sie als Qualit\u00e4tsgarantie f\u00fcr die Produkte aus den Vierlanden. Besonders auff\u00e4llig sind die vielen filigranen Stickereien, die abends beim d\u00e4mmrigen Schein einer Petroleumlampe von den Frauen liebevoll gefertigt wurden und die vielen blanken Silberkn\u00f6pfe, von denen bis zu 76 St\u00fcck die M\u00e4nnertracht schm\u00fccken.<\/p>\n<\/div>\n<\/div>\n\n\n\n<div class=\"wp-block-group alignfull has-base-background-color has-background has-global-padding is-content-justification-center is-layout-constrained wp-container-core-group-is-layout-57479b6d wp-block-group-is-layout-constrained\" style=\"margin-top:0;margin-bottom:0;padding-top:var(--wp--preset--spacing--40);padding-right:var(--wp--preset--spacing--50);padding-bottom:var(--wp--preset--spacing--40);padding-left:var(--wp--preset--spacing--50)\">\n<div class=\"wp-block-columns alignwide is-layout-flex wp-container-core-columns-is-layout-1da03c2a wp-block-columns-is-layout-flex\">\n<div class=\"wp-block-column is-vertically-aligned-center is-layout-flow wp-block-column-is-layout-flow\" style=\"padding-right:0;padding-left:0;flex-basis:40%\">\n<figure data-wp-context=\"{&quot;imageId&quot;:&quot;69e24f137d96a&quot;}\" data-wp-interactive=\"core\/image\" data-wp-key=\"69e24f137d96a\" class=\"wp-block-image aligncenter size-large is-resized has-custom-border is-style-rounded is-style-rounded--1 wp-lightbox-container\"><img loading=\"lazy\" decoding=\"async\" width=\"768\" height=\"1024\" data-wp-class--hide=\"state.isContentHidden\" data-wp-class--show=\"state.isContentVisible\" data-wp-init=\"callbacks.setButtonStyles\" data-wp-on--click=\"actions.showLightbox\" data-wp-on--load=\"callbacks.setButtonStyles\" data-wp-on-window--resize=\"callbacks.setButtonStyles\" src=\"https:\/\/www.vierlaender-trachtengruppe.de\/de\/wp-content\/uploads\/2025\/12\/Frauentracht-768x1024.png\" alt=\"Frauentracht\" class=\"wp-image-264\" style=\"border-radius:20px;aspect-ratio:3\/4;object-fit:cover;width:auto;height:500px\" srcset=\"https:\/\/www.vierlaender-trachtengruppe.de\/de\/wp-content\/uploads\/2025\/12\/Frauentracht-768x1024.png 768w, https:\/\/www.vierlaender-trachtengruppe.de\/de\/wp-content\/uploads\/2025\/12\/Frauentracht-225x300.png 225w, https:\/\/www.vierlaender-trachtengruppe.de\/de\/wp-content\/uploads\/2025\/12\/Frauentracht-1152x1536.png 1152w, https:\/\/www.vierlaender-trachtengruppe.de\/de\/wp-content\/uploads\/2025\/12\/Frauentracht-1536x2048.png 1536w, https:\/\/www.vierlaender-trachtengruppe.de\/de\/wp-content\/uploads\/2025\/12\/Frauentracht-scaled.png 1920w\" sizes=\"auto, (max-width: 768px) 100vw, 768px\" \/><button\n\t\t\tclass=\"lightbox-trigger\"\n\t\t\ttype=\"button\"\n\t\t\taria-haspopup=\"dialog\"\n\t\t\taria-label=\"Vergr\u00f6\u00dfern\"\n\t\t\tdata-wp-init=\"callbacks.initTriggerButton\"\n\t\t\tdata-wp-on--click=\"actions.showLightbox\"\n\t\t\tdata-wp-style--right=\"state.imageButtonRight\"\n\t\t\tdata-wp-style--top=\"state.imageButtonTop\"\n\t\t>\n\t\t\t<svg xmlns=\"http:\/\/www.w3.org\/2000\/svg\" width=\"12\" height=\"12\" fill=\"none\" viewBox=\"0 0 12 12\">\n\t\t\t\t<path fill=\"#fff\" d=\"M2 0a2 2 0 0 0-2 2v2h1.5V2a.5.5 0 0 1 .5-.5h2V0H2Zm2 10.5H2a.5.5 0 0 1-.5-.5V8H0v2a2 2 0 0 0 2 2h2v-1.5ZM8 12v-1.5h2a.5.5 0 0 0 .5-.5V8H12v2a2 2 0 0 1-2 2H8Zm2-12a2 2 0 0 1 2 2v2h-1.5V2a.5.5 0 0 0-.5-.5H8V0h2Z\" \/>\n\t\t\t<\/svg>\n\t\t<\/button><\/figure>\n<\/div>\n\n\n\n<div class=\"wp-block-column is-vertically-aligned-center is-layout-flow wp-block-column-is-layout-flow\" style=\"flex-basis:60%\">\n<h2 class=\"wp-block-heading\">Die Frauentracht<\/h2>\n\n\n\n<p>Die Frauentracht besteht aus einem schwingenden Rock (\u201eSch\u00f6rt\u201c) aus Wolltuch. Damit er sch\u00f6n prall absteht, zieht die Vierl\u00e4nderin oft mehrere R\u00f6cke \u00fcbereinander, manche binden noch ein Polster um die H\u00fcften. \u00dcber eine wei\u00dfe Bluse mit weiten einmal umgeschlagenen \u00c4rmeln geh\u00f6rt die Frauenweste (\u201eLiefst\u00fcck\u201c \/ \u201eRump\u201c), die vorne mit dem reich bestickten Brustlatz (\u201eBo\u00dfdook\u201c) ausgef\u00fcllt wird. Um die Schultern wird ein ebenfalls besticktes Halstuch gelegt, dessen aufgerollte Enden \u00fcber der Brust von der silbernen bzw. goldenen mit Edelsteinen und Miniaturmalerei verzierten Brustschnalle (\u201eSchillerkeed\u201c) zusammen gehalten werden. Die Taille schm\u00fcckt ein gestickter G\u00fcrtel (\u201eG\u00f6rdl\u201c \/ \u201eQu\u00e4der\u201c) um den die reich bestickte Sch\u00fcrze (\u201ePlaten\u201c) gebunden wird. Dazu trug die Vierl\u00e4nderin fr\u00fcher farbige Str\u00fcmpfe, die heute allerdings nur noch wei\u00df sind, und schwarze Schuhe. Sehr auff\u00e4llig ist der Kopfschmuck der Frau. \u00dcber eine Kappe, an der die schwarze, steife Nackenschleife (\u201eKrei\u201c) befestigt ist, wird ein gro\u00dfer, flacher aus geflochtenem und vern\u00e4htem Rispengras gefertigter Hut getragen. Gegen K\u00e4lte sch\u00fctzt die Jacke (\u201eWams\u201c \/ \u201eFudderhemd\u201c).<\/p>\n<\/div>\n<\/div>\n<\/div>\n\n\n\n<div class=\"wp-block-cover alignfull is-light has-parallax\" style=\"padding-top:var(--wp--preset--spacing--50);padding-right:var(--wp--preset--spacing--50);padding-bottom:var(--wp--preset--spacing--50);padding-left:var(--wp--preset--spacing--50);min-height:100vh;aspect-ratio:unset;\"><div role=\"img\" aria-label=\"Region\" class=\"wp-block-cover__image-background wp-image-267 size-full has-parallax\" style=\"background-position:50% 50%;background-image:url(https:\/\/www.vierlaender-trachtengruppe.de\/de\/wp-content\/uploads\/2025\/12\/Region-scaled.jpg)\"><\/div><span aria-hidden=\"true\" class=\"wp-block-cover__background has-base-background-color has-background-dim-0 has-background-dim\"><\/span><div class=\"wp-block-cover__inner-container has-global-padding is-layout-constrained wp-container-core-cover-is-layout-e4fd886c wp-block-cover-is-layout-constrained\">\n<div class=\"wp-block-group alignwide has-background has-global-padding is-layout-constrained wp-container-core-group-is-layout-47bfd5f1 wp-block-group-is-layout-constrained\" style=\"border-radius:20px;background:linear-gradient(135deg,rgba(255,255,255,0.77) 2%,rgba(255,255,255,0.77) 100%);margin-top:var(--wp--preset--spacing--40);margin-bottom:var(--wp--preset--spacing--40);padding-top:var(--wp--preset--spacing--20);padding-right:var(--wp--preset--spacing--10);padding-bottom:var(--wp--preset--spacing--20);padding-left:var(--wp--preset--spacing--10);background-repeat:no-repeat;background-size:cover;\">\n<div style=\"height:var(--wp--preset--spacing--10)\" aria-hidden=\"true\" class=\"wp-block-spacer\"><\/div>\n\n\n\n<h2 class=\"wp-block-heading has-text-align-center has-large-font-size\">Entdecke die Vier- und Marschlande&#8230;<\/h2>\n\n\n\n<p class=\"has-text-align-center\">Typisch f\u00fcr die Vierlande sind die wundersch\u00f6nen, reetgedeckten, alten Bauernh\u00e4user mit den reichverzierten Fachwerkgiebeln.<\/p>\n\n\n\n<div class=\"wp-block-buttons is-content-justification-center is-layout-flex wp-container-core-buttons-is-layout-a89b3969 wp-block-buttons-is-layout-flex\">\n<div class=\"wp-block-button\"><a class=\"wp-block-button__link wp-element-button\" href=\"https:\/\/www.vierlaender-trachtengruppe.de\/de\/vierlande\/\">Vierlande<\/a><\/div>\n<\/div>\n\n\n\n<div style=\"height:var(--wp--preset--spacing--10)\" aria-hidden=\"true\" class=\"wp-block-spacer\"><\/div>\n<\/div>\n<\/div><\/div>\n\n\n\n<div class=\"wp-block-group alignfull has-base-background-color has-background has-global-padding is-layout-constrained wp-container-core-group-is-layout-32a46761 wp-block-group-is-layout-constrained\" style=\"margin-top:0;margin-bottom:0;padding-top:var(--wp--preset--spacing--40);padding-right:var(--wp--preset--spacing--50);padding-bottom:var(--wp--preset--spacing--40);padding-left:var(--wp--preset--spacing--50)\">\n<div class=\"wp-block-columns alignwide is-layout-flex wp-container-core-columns-is-layout-1da03c2a wp-block-columns-is-layout-flex\">\n<div class=\"wp-block-column is-vertically-aligned-center is-layout-flow wp-block-column-is-layout-flow\" style=\"flex-basis:60%\">\n<h2 class=\"wp-block-heading\">Die M\u00e4nnertracht<\/h2>\n\n\n\n<p>Zur M\u00e4nnertracht geh\u00f6rt eine Jacke, die gegen die K\u00e4lte sch\u00fctzen soll. Darunter tr\u00e4gt auch er ein wei\u00dfes Hemd und eine Weste, die vorne doppelreihig mit flachen Silberkn\u00f6pfen geschlossen wird. Die schwarze Klappenhose reicht bis \u00fcbers Knie und ist auch am Bund und an den Hosentaschen mit Silberkn\u00f6pfen best\u00fcckt. Weinrote Str\u00fcmpfe und schwarze Schuhe vervollst\u00e4ndigen die M\u00e4nnertracht, sowie ein geknotetes Halstuch und ein Taschentuch, dass au\u00dfen an der linken Hosentasche festgesteckt ist. Den Kopf des Vierl\u00e4nders ziert der schwarze Zylinder.<\/p>\n<\/div>\n\n\n\n<div class=\"wp-block-column is-vertically-aligned-center is-layout-flow wp-block-column-is-layout-flow\" style=\"flex-basis:40%\">\n<figure data-wp-context=\"{&quot;imageId&quot;:&quot;69e24f137ea3e&quot;}\" data-wp-interactive=\"core\/image\" data-wp-key=\"69e24f137ea3e\" class=\"wp-block-image aligncenter size-large is-resized has-custom-border is-style-rounded is-style-rounded--2 wp-lightbox-container\"><img loading=\"lazy\" decoding=\"async\" width=\"768\" height=\"1024\" data-wp-class--hide=\"state.isContentHidden\" data-wp-class--show=\"state.isContentVisible\" data-wp-init=\"callbacks.setButtonStyles\" data-wp-on--click=\"actions.showLightbox\" data-wp-on--load=\"callbacks.setButtonStyles\" data-wp-on-window--resize=\"callbacks.setButtonStyles\" src=\"https:\/\/www.vierlaender-trachtengruppe.de\/de\/wp-content\/uploads\/2025\/12\/Maennertracht-768x1024.png\" alt=\"\" class=\"wp-image-265\" style=\"border-radius:20px;aspect-ratio:3\/4;object-fit:cover;width:auto;height:500px\" srcset=\"https:\/\/www.vierlaender-trachtengruppe.de\/de\/wp-content\/uploads\/2025\/12\/Maennertracht-768x1024.png 768w, https:\/\/www.vierlaender-trachtengruppe.de\/de\/wp-content\/uploads\/2025\/12\/Maennertracht-225x300.png 225w, https:\/\/www.vierlaender-trachtengruppe.de\/de\/wp-content\/uploads\/2025\/12\/Maennertracht-1152x1536.png 1152w, https:\/\/www.vierlaender-trachtengruppe.de\/de\/wp-content\/uploads\/2025\/12\/Maennertracht-1536x2048.png 1536w, https:\/\/www.vierlaender-trachtengruppe.de\/de\/wp-content\/uploads\/2025\/12\/Maennertracht-scaled.png 1920w\" sizes=\"auto, (max-width: 768px) 100vw, 768px\" \/><button\n\t\t\tclass=\"lightbox-trigger\"\n\t\t\ttype=\"button\"\n\t\t\taria-haspopup=\"dialog\"\n\t\t\taria-label=\"Vergr\u00f6\u00dfern\"\n\t\t\tdata-wp-init=\"callbacks.initTriggerButton\"\n\t\t\tdata-wp-on--click=\"actions.showLightbox\"\n\t\t\tdata-wp-style--right=\"state.imageButtonRight\"\n\t\t\tdata-wp-style--top=\"state.imageButtonTop\"\n\t\t>\n\t\t\t<svg xmlns=\"http:\/\/www.w3.org\/2000\/svg\" width=\"12\" height=\"12\" fill=\"none\" viewBox=\"0 0 12 12\">\n\t\t\t\t<path fill=\"#fff\" d=\"M2 0a2 2 0 0 0-2 2v2h1.5V2a.5.5 0 0 1 .5-.5h2V0H2Zm2 10.5H2a.5.5 0 0 1-.5-.5V8H0v2a2 2 0 0 0 2 2h2v-1.5ZM8 12v-1.5h2a.5.5 0 0 0 .5-.5V8H12v2a2 2 0 0 1-2 2H8Zm2-12a2 2 0 0 1 2 2v2h-1.5V2a.5.5 0 0 0-.5-.5H8V0h2Z\" \/>\n\t\t\t<\/svg>\n\t\t<\/button><\/figure>\n<\/div>\n<\/div>\n<\/div>\n\n\n\n<div class=\"wp-block-group alignfull has-base-2-background-color has-background has-global-padding is-layout-constrained wp-container-core-group-is-layout-32a46761 wp-block-group-is-layout-constrained\" style=\"margin-top:0;margin-bottom:0;padding-top:var(--wp--preset--spacing--40);padding-right:var(--wp--preset--spacing--50);padding-bottom:var(--wp--preset--spacing--40);padding-left:var(--wp--preset--spacing--50)\">\n<div class=\"wp-block-group alignwide is-layout-flow wp-block-group-is-layout-flow\" style=\"padding-top:var(--wp--preset--spacing--20);padding-bottom:var(--wp--preset--spacing--20)\">\n<p class=\"has-text-align-left\">Nachdem die Vierl\u00e4nder Tracht f\u00fcr lange Zeit in gro\u00dfen Truhen verschollen war, belebt sie heute wieder das Bild bei vielen Anl\u00e4ssen wie Hochzeiten, Geburtstagen und vor allem bei unserem Erntedankfest. <\/p>\n\n\n\n<p>Immer mehr Menschen in den Vierlanden entdecken den Wert der sch\u00f6nen traditionellen Tracht f\u00fcr sich wieder und wer keine eigene aus alten Familienbest\u00e4nden hat, fertigt nach alten Mustern eine neue an\u2026<\/p>\n<\/div>\n<\/div>\n","protected":false},"excerpt":{"rendered":"<p>F\u00fcr den Laien eine eigent\u00fcmliche bunte Tracht, ist die Vierl\u00e4nder Tracht f\u00fcr den Vierl\u00e4nder ein sprechendes Buch. Sie gibt Auskunft \u00fcber den genauen Wohnort, Familienstand, Kapital und den Anlass zu dem man die Tracht tr\u00e4gt. Nahezu jedes Detail hat eine bestimmte Bedeutung. Wer ick b\u00fcnn, wat ick will un woher ick kumm, mi de Frog [&hellip;]<\/p>\n","protected":false},"author":1,"featured_media":0,"parent":0,"menu_order":0,"comment_status":"closed","ping_status":"closed","template":"","meta":{"footnotes":""},"class_list":["post-21","page","type-page","status-publish","hentry"],"_links":{"self":[{"href":"https:\/\/www.vierlaender-trachtengruppe.de\/de\/wp-json\/wp\/v2\/pages\/21","targetHints":{"allow":["GET"]}}],"collection":[{"href":"https:\/\/www.vierlaender-trachtengruppe.de\/de\/wp-json\/wp\/v2\/pages"}],"about":[{"href":"https:\/\/www.vierlaender-trachtengruppe.de\/de\/wp-json\/wp\/v2\/types\/page"}],"author":[{"embeddable":true,"href":"https:\/\/www.vierlaender-trachtengruppe.de\/de\/wp-json\/wp\/v2\/users\/1"}],"replies":[{"embeddable":true,"href":"https:\/\/www.vierlaender-trachtengruppe.de\/de\/wp-json\/wp\/v2\/comments?post=21"}],"version-history":[{"count":4,"href":"https:\/\/www.vierlaender-trachtengruppe.de\/de\/wp-json\/wp\/v2\/pages\/21\/revisions"}],"predecessor-version":[{"id":268,"href":"https:\/\/www.vierlaender-trachtengruppe.de\/de\/wp-json\/wp\/v2\/pages\/21\/revisions\/268"}],"wp:attachment":[{"href":"https:\/\/www.vierlaender-trachtengruppe.de\/de\/wp-json\/wp\/v2\/media?parent=21"}],"curies":[{"name":"wp","href":"https:\/\/api.w.org\/{rel}","templated":true}]}}