{"id":2,"date":"2025-09-25T19:16:57","date_gmt":"2025-09-25T17:16:57","guid":{"rendered":"https:\/\/www.vierlaender-trachtengruppe.de\/?page_id=2"},"modified":"2025-12-21T13:53:52","modified_gmt":"2025-12-21T12:53:52","slug":"willkommen","status":"publish","type":"page","link":"https:\/\/www.vierlaender-trachtengruppe.de\/de\/","title":{"rendered":"Willkommen"},"content":{"rendered":"\n<div class=\"wp-block-group alignfull has-global-padding is-layout-constrained wp-container-core-group-is-layout-d89aad35 wp-block-group-is-layout-constrained\" style=\"margin-top:0;margin-bottom:0;padding-top:var(--wp--preset--spacing--50);padding-right:var(--wp--preset--spacing--50);padding-bottom:var(--wp--preset--spacing--50);padding-left:var(--wp--preset--spacing--50)\">\n<div class=\"wp-block-columns alignwide are-vertically-aligned-center is-layout-flex wp-container-core-columns-is-layout-47c06fe3 wp-block-columns-is-layout-flex\">\n<div class=\"wp-block-column is-vertically-aligned-center is-layout-flow wp-block-column-is-layout-flow\" style=\"flex-basis:50%\">\n<h2 class=\"wp-block-heading\"><strong>Willkommen bei der <\/strong><br><strong>Vierl\u00e4nder Trachtengruppe<\/strong><\/h2>\n\n\n\n<p>Die Vierl\u00e4nder Trachtengruppe wurde im Dezember 1949 gegr\u00fcndet, um alte Vierl\u00e4nder- und Norddeutsche Volkst\u00e4nze zu erhalten und zu pflegen. Auch heute noch werden alte Tanzbeschreibungen gesucht und alte T\u00e4nze neu einge\u00fcbt.<\/p>\n<\/div>\n\n\n\n<div class=\"wp-block-column is-vertically-aligned-center is-layout-flow wp-block-column-is-layout-flow\" style=\"flex-basis:50%\">\n<figure data-wp-context=\"{&quot;imageId&quot;:&quot;69e202375650c&quot;}\" data-wp-interactive=\"core\/image\" data-wp-key=\"69e202375650c\" class=\"wp-block-image aligncenter size-large is-resized has-custom-border is-style-rounded is-style-rounded--1 wp-lightbox-container\"><img loading=\"lazy\" decoding=\"async\" width=\"1024\" height=\"768\" data-wp-class--hide=\"state.isContentHidden\" data-wp-class--show=\"state.isContentVisible\" data-wp-init=\"callbacks.setButtonStyles\" data-wp-on--click=\"actions.showLightbox\" data-wp-on--load=\"callbacks.setButtonStyles\" data-wp-on-window--resize=\"callbacks.setButtonStyles\" src=\"https:\/\/www.vierlaender-trachtengruppe.de\/de\/wp-content\/uploads\/2025\/12\/Willkommen-1024x768.jpg\" alt=\"Willkommen\" class=\"wp-image-196\" style=\"border-radius:20px;aspect-ratio:4\/3;object-fit:cover;width:500px\" srcset=\"https:\/\/www.vierlaender-trachtengruppe.de\/de\/wp-content\/uploads\/2025\/12\/Willkommen-1024x768.jpg 1024w, https:\/\/www.vierlaender-trachtengruppe.de\/de\/wp-content\/uploads\/2025\/12\/Willkommen-300x225.jpg 300w, https:\/\/www.vierlaender-trachtengruppe.de\/de\/wp-content\/uploads\/2025\/12\/Willkommen-768x576.jpg 768w, https:\/\/www.vierlaender-trachtengruppe.de\/de\/wp-content\/uploads\/2025\/12\/Willkommen-1536x1152.jpg 1536w, https:\/\/www.vierlaender-trachtengruppe.de\/de\/wp-content\/uploads\/2025\/12\/Willkommen-2048x1536.jpg 2048w\" sizes=\"auto, (max-width: 1024px) 100vw, 1024px\" \/><button\n\t\t\tclass=\"lightbox-trigger\"\n\t\t\ttype=\"button\"\n\t\t\taria-haspopup=\"dialog\"\n\t\t\taria-label=\"Vergr\u00f6\u00dfern\"\n\t\t\tdata-wp-init=\"callbacks.initTriggerButton\"\n\t\t\tdata-wp-on--click=\"actions.showLightbox\"\n\t\t\tdata-wp-style--right=\"state.imageButtonRight\"\n\t\t\tdata-wp-style--top=\"state.imageButtonTop\"\n\t\t>\n\t\t\t<svg xmlns=\"http:\/\/www.w3.org\/2000\/svg\" width=\"12\" height=\"12\" fill=\"none\" viewBox=\"0 0 12 12\">\n\t\t\t\t<path fill=\"#fff\" d=\"M2 0a2 2 0 0 0-2 2v2h1.5V2a.5.5 0 0 1 .5-.5h2V0H2Zm2 10.5H2a.5.5 0 0 1-.5-.5V8H0v2a2 2 0 0 0 2 2h2v-1.5ZM8 12v-1.5h2a.5.5 0 0 0 .5-.5V8H12v2a2 2 0 0 1-2 2H8Zm2-12a2 2 0 0 1 2 2v2h-1.5V2a.5.5 0 0 0-.5-.5H8V0h2Z\" \/>\n\t\t\t<\/svg>\n\t\t<\/button><\/figure>\n<\/div>\n<\/div>\n<\/div>\n\n\n\n<div class=\"wp-block-group alignfull has-base-2-background-color has-background has-global-padding is-layout-constrained wp-container-core-group-is-layout-d89aad35 wp-block-group-is-layout-constrained\" style=\"margin-top:0;margin-bottom:0;padding-top:var(--wp--preset--spacing--50);padding-right:var(--wp--preset--spacing--50);padding-bottom:var(--wp--preset--spacing--50);padding-left:var(--wp--preset--spacing--50)\">\n<div class=\"wp-block-columns alignwide is-layout-flex wp-container-core-columns-is-layout-1da03c2a wp-block-columns-is-layout-flex\">\n<div class=\"wp-block-column is-vertically-aligned-center is-layout-flow wp-block-column-is-layout-flow\" style=\"flex-basis:50%\">\n<figure data-wp-context=\"{&quot;imageId&quot;:&quot;69e20237570b0&quot;}\" data-wp-interactive=\"core\/image\" data-wp-key=\"69e20237570b0\" class=\"wp-block-image aligncenter size-large is-resized has-custom-border is-style-rounded is-style-rounded--2 wp-lightbox-container\"><img loading=\"lazy\" decoding=\"async\" width=\"1024\" height=\"768\" data-wp-class--hide=\"state.isContentHidden\" data-wp-class--show=\"state.isContentVisible\" data-wp-init=\"callbacks.setButtonStyles\" data-wp-on--click=\"actions.showLightbox\" data-wp-on--load=\"callbacks.setButtonStyles\" data-wp-on-window--resize=\"callbacks.setButtonStyles\" src=\"https:\/\/www.vierlaender-trachtengruppe.de\/de\/wp-content\/uploads\/2025\/12\/Lerne-uns-kennen-1024x768.jpg\" alt=\"Lerne uns kennen\" class=\"wp-image-197\" style=\"border-radius:20px;aspect-ratio:4\/3;object-fit:cover;width:500px\" srcset=\"https:\/\/www.vierlaender-trachtengruppe.de\/de\/wp-content\/uploads\/2025\/12\/Lerne-uns-kennen-1024x768.jpg 1024w, https:\/\/www.vierlaender-trachtengruppe.de\/de\/wp-content\/uploads\/2025\/12\/Lerne-uns-kennen-300x225.jpg 300w, https:\/\/www.vierlaender-trachtengruppe.de\/de\/wp-content\/uploads\/2025\/12\/Lerne-uns-kennen-768x576.jpg 768w, https:\/\/www.vierlaender-trachtengruppe.de\/de\/wp-content\/uploads\/2025\/12\/Lerne-uns-kennen-1536x1152.jpg 1536w, https:\/\/www.vierlaender-trachtengruppe.de\/de\/wp-content\/uploads\/2025\/12\/Lerne-uns-kennen-2048x1536.jpg 2048w\" sizes=\"auto, (max-width: 1024px) 100vw, 1024px\" \/><button\n\t\t\tclass=\"lightbox-trigger\"\n\t\t\ttype=\"button\"\n\t\t\taria-haspopup=\"dialog\"\n\t\t\taria-label=\"Vergr\u00f6\u00dfern\"\n\t\t\tdata-wp-init=\"callbacks.initTriggerButton\"\n\t\t\tdata-wp-on--click=\"actions.showLightbox\"\n\t\t\tdata-wp-style--right=\"state.imageButtonRight\"\n\t\t\tdata-wp-style--top=\"state.imageButtonTop\"\n\t\t>\n\t\t\t<svg xmlns=\"http:\/\/www.w3.org\/2000\/svg\" width=\"12\" height=\"12\" fill=\"none\" viewBox=\"0 0 12 12\">\n\t\t\t\t<path fill=\"#fff\" d=\"M2 0a2 2 0 0 0-2 2v2h1.5V2a.5.5 0 0 1 .5-.5h2V0H2Zm2 10.5H2a.5.5 0 0 1-.5-.5V8H0v2a2 2 0 0 0 2 2h2v-1.5ZM8 12v-1.5h2a.5.5 0 0 0 .5-.5V8H12v2a2 2 0 0 1-2 2H8Zm2-12a2 2 0 0 1 2 2v2h-1.5V2a.5.5 0 0 0-.5-.5H8V0h2Z\" \/>\n\t\t\t<\/svg>\n\t\t<\/button><\/figure>\n<\/div>\n\n\n\n<div class=\"wp-block-column is-vertically-aligned-center is-layout-flow wp-block-column-is-layout-flow\" style=\"flex-basis:50%\">\n<h2 class=\"wp-block-heading\">Lerne uns kennen\u2026<\/h2>\n\n\n\n<p>Die Vierl\u00e4nder Trachtengruppe besteht &nbsp;aus T\u00e4nzern, Musikern und unserem Solisten. Die Trachtengruppe stellt Programme f\u00fcr verschiedene Veranstaltungen von unterschiedlicher Dauer zusammen. Viele verschiedene T\u00e4nze, vor allem aus den Vierlanden und Norddeutschland geh\u00f6ren zum Repertoire. Bei Auftritten wird oft mit Life-Musik (Akkordeon) getanzt.<\/p>\n\n\n\n<div class=\"wp-block-buttons is-layout-flex wp-block-buttons-is-layout-flex\">\n<div class=\"wp-block-button\"><a class=\"wp-block-button__link wp-element-button\" href=\"https:\/\/www.vierlaender-trachtengruppe.de\/de\/mitglieder\/\">Mitglieder<\/a><\/div>\n\n\n\n<div class=\"wp-block-button is-style-outline is-style-outline--3\"><a class=\"wp-block-button__link wp-element-button\" href=\"https:\/\/www.vierlaender-trachtengruppe.de\/de\/kontakt\/\">Kontakt<\/a><\/div>\n<\/div>\n<\/div>\n<\/div>\n<\/div>\n\n\n\n<div class=\"wp-block-group alignfull has-base-background-color has-background has-global-padding is-layout-constrained wp-container-core-group-is-layout-669513ed wp-block-group-is-layout-constrained\" style=\"margin-top:0;margin-bottom:0;padding-top:var(--wp--preset--spacing--50);padding-right:var(--wp--preset--spacing--50);padding-bottom:var(--wp--preset--spacing--50);padding-left:var(--wp--preset--spacing--50)\">\n<div class=\"wp-block-columns alignwide is-layout-flex wp-container-core-columns-is-layout-1da03c2a wp-block-columns-is-layout-flex\">\n<div class=\"wp-block-column is-vertically-aligned-stretch is-layout-flow wp-block-column-is-layout-flow\" style=\"flex-basis:50%\">\n<div class=\"wp-block-group is-vertical is-content-justification-left is-layout-flex wp-container-core-group-is-layout-b21d21b4 wp-block-group-is-layout-flex\" style=\"min-height:100%\">\n<p class=\"has-heading-font-family has-x-large-font-size\" style=\"line-height:1.2\">Historische Trachten&#8230;<\/p>\n\n\n\n<p class=\"wp-container-content-0733e5d0\">Unsere Tanzgruppe tanzt nicht in &#8222;Phantasiekost\u00fcmen&#8220;, sondern zum gr\u00f6\u00dften Teil in etwa 150 bis 190 Jahre alten historischen Trachten. Einzelne Teile dieser wundersch\u00f6nen historischen Trachten wurden m\u00fchevoll restauriert oder erneuert.<\/p>\n\n\n\n<div class=\"wp-block-buttons is-layout-flex wp-block-buttons-is-layout-flex\">\n<div class=\"wp-block-button\"><a class=\"wp-block-button__link wp-element-button\" href=\"https:\/\/www.vierlaender-trachtengruppe.de\/de\/trachten\/\">Trachten<\/a><\/div>\n\n\n\n<div class=\"wp-block-button is-style-outline is-style-outline--4\"><a class=\"wp-block-button__link wp-element-button\" href=\"https:\/\/www.vierlaender-trachtengruppe.de\/de\/vierlande\/\">Vierlande<\/a><\/div>\n<\/div>\n<\/div>\n<\/div>\n\n\n\n<div class=\"wp-block-column is-vertically-aligned-center is-layout-flow wp-block-column-is-layout-flow\" style=\"flex-basis:50%\">\n<figure data-wp-context=\"{&quot;imageId&quot;:&quot;69e2023758781&quot;}\" data-wp-interactive=\"core\/image\" data-wp-key=\"69e2023758781\" class=\"wp-block-image aligncenter size-large is-resized has-custom-border is-style-rounded is-style-rounded--5 wp-lightbox-container\"><img loading=\"lazy\" decoding=\"async\" width=\"768\" height=\"1024\" data-wp-class--hide=\"state.isContentHidden\" data-wp-class--show=\"state.isContentVisible\" data-wp-init=\"callbacks.setButtonStyles\" data-wp-on--click=\"actions.showLightbox\" data-wp-on--load=\"callbacks.setButtonStyles\" data-wp-on-window--resize=\"callbacks.setButtonStyles\" src=\"https:\/\/www.vierlaender-trachtengruppe.de\/de\/wp-content\/uploads\/2025\/12\/Historische-Trachten-768x1024.jpg\" alt=\"Historische Trachten\" class=\"wp-image-198\" style=\"border-radius:20px;aspect-ratio:3\/4;object-fit:cover;width:auto;height:500px\" srcset=\"https:\/\/www.vierlaender-trachtengruppe.de\/de\/wp-content\/uploads\/2025\/12\/Historische-Trachten-768x1024.jpg 768w, https:\/\/www.vierlaender-trachtengruppe.de\/de\/wp-content\/uploads\/2025\/12\/Historische-Trachten-225x300.jpg 225w, https:\/\/www.vierlaender-trachtengruppe.de\/de\/wp-content\/uploads\/2025\/12\/Historische-Trachten-1152x1536.jpg 1152w, https:\/\/www.vierlaender-trachtengruppe.de\/de\/wp-content\/uploads\/2025\/12\/Historische-Trachten-1536x2048.jpg 1536w, https:\/\/www.vierlaender-trachtengruppe.de\/de\/wp-content\/uploads\/2025\/12\/Historische-Trachten-scaled.jpg 1920w\" sizes=\"auto, (max-width: 768px) 100vw, 768px\" \/><button\n\t\t\tclass=\"lightbox-trigger\"\n\t\t\ttype=\"button\"\n\t\t\taria-haspopup=\"dialog\"\n\t\t\taria-label=\"Vergr\u00f6\u00dfern\"\n\t\t\tdata-wp-init=\"callbacks.initTriggerButton\"\n\t\t\tdata-wp-on--click=\"actions.showLightbox\"\n\t\t\tdata-wp-style--right=\"state.imageButtonRight\"\n\t\t\tdata-wp-style--top=\"state.imageButtonTop\"\n\t\t>\n\t\t\t<svg xmlns=\"http:\/\/www.w3.org\/2000\/svg\" width=\"12\" height=\"12\" fill=\"none\" viewBox=\"0 0 12 12\">\n\t\t\t\t<path fill=\"#fff\" d=\"M2 0a2 2 0 0 0-2 2v2h1.5V2a.5.5 0 0 1 .5-.5h2V0H2Zm2 10.5H2a.5.5 0 0 1-.5-.5V8H0v2a2 2 0 0 0 2 2h2v-1.5ZM8 12v-1.5h2a.5.5 0 0 0 .5-.5V8H12v2a2 2 0 0 1-2 2H8Zm2-12a2 2 0 0 1 2 2v2h-1.5V2a.5.5 0 0 0-.5-.5H8V0h2Z\" \/>\n\t\t\t<\/svg>\n\t\t<\/button><\/figure>\n<\/div>\n<\/div>\n<\/div>\n\n\n\n<div class=\"wp-block-cover alignfull is-light has-parallax\" style=\"padding-top:var(--wp--preset--spacing--50);padding-right:var(--wp--preset--spacing--50);padding-bottom:var(--wp--preset--spacing--50);padding-left:var(--wp--preset--spacing--50);min-height:100vh;aspect-ratio:unset;\"><div role=\"img\" aria-label=\"Mediathek\" class=\"wp-block-cover__image-background wp-image-203 size-full has-parallax\" style=\"background-position:50% 50%;background-image:url(https:\/\/www.vierlaender-trachtengruppe.de\/de\/wp-content\/uploads\/2025\/12\/Mediathek-scaled.jpg)\"><\/div><span aria-hidden=\"true\" class=\"wp-block-cover__background has-base-background-color has-background-dim-0 has-background-dim\"><\/span><div class=\"wp-block-cover__inner-container has-global-padding is-layout-constrained wp-container-core-cover-is-layout-e4fd886c wp-block-cover-is-layout-constrained\">\n<div class=\"wp-block-group alignwide has-background has-global-padding is-layout-constrained wp-container-core-group-is-layout-47bfd5f1 wp-block-group-is-layout-constrained\" style=\"border-radius:20px;background:linear-gradient(135deg,rgba(255,255,255,0.77) 2%,rgba(255,255,255,0.77) 100%);margin-top:var(--wp--preset--spacing--40);margin-bottom:var(--wp--preset--spacing--40);padding-top:var(--wp--preset--spacing--20);padding-right:var(--wp--preset--spacing--10);padding-bottom:var(--wp--preset--spacing--20);padding-left:var(--wp--preset--spacing--10);background-repeat:no-repeat;background-size:cover;\">\n<div style=\"height:var(--wp--preset--spacing--10)\" aria-hidden=\"true\" class=\"wp-block-spacer\"><\/div>\n\n\n\n<h2 class=\"wp-block-heading has-text-align-center has-large-font-size\">Chronik, Fotos und mehr\u2026<\/h2>\n\n\n\n<p class=\"has-text-align-center\">Entdecke Beitr\u00e4ge zur Vereinsgeschichte, weitere Informationen zu unseren Terminen sowie Berichte und Fotos zu Veranstaltungen.<\/p>\n\n\n\n<div class=\"wp-block-buttons is-content-justification-center is-layout-flex wp-container-core-buttons-is-layout-a89b3969 wp-block-buttons-is-layout-flex\">\n<div class=\"wp-block-button\"><a class=\"wp-block-button__link wp-element-button\" href=\"https:\/\/www.vierlaender-trachtengruppe.de\/de\/mediathek\/\">Mediathek<\/a><\/div>\n<\/div>\n\n\n\n<div style=\"height:var(--wp--preset--spacing--10)\" aria-hidden=\"true\" class=\"wp-block-spacer\"><\/div>\n<\/div>\n<\/div><\/div>\n\n\n\n<div class=\"wp-block-group alignfull has-base-2-background-color has-background has-global-padding is-layout-constrained wp-container-core-group-is-layout-d89aad35 wp-block-group-is-layout-constrained\" style=\"margin-top:0;margin-bottom:0;padding-top:var(--wp--preset--spacing--50);padding-right:var(--wp--preset--spacing--50);padding-bottom:var(--wp--preset--spacing--50);padding-left:var(--wp--preset--spacing--50)\">\n<div class=\"wp-block-columns alignwide is-layout-flex wp-container-core-columns-is-layout-1da03c2a wp-block-columns-is-layout-flex\">\n<div class=\"wp-block-column is-vertically-aligned-center is-layout-flow wp-block-column-is-layout-flow\" style=\"flex-basis:50%\">\n<figure data-wp-context=\"{&quot;imageId&quot;:&quot;69e202375951b&quot;}\" data-wp-interactive=\"core\/image\" data-wp-key=\"69e202375951b\" class=\"wp-block-image aligncenter size-large is-resized has-custom-border is-style-rounded is-style-rounded--6 wp-lightbox-container\"><img loading=\"lazy\" decoding=\"async\" width=\"768\" height=\"1024\" data-wp-class--hide=\"state.isContentHidden\" data-wp-class--show=\"state.isContentVisible\" data-wp-init=\"callbacks.setButtonStyles\" data-wp-on--click=\"actions.showLightbox\" data-wp-on--load=\"callbacks.setButtonStyles\" data-wp-on-window--resize=\"callbacks.setButtonStyles\" src=\"https:\/\/www.vierlaender-trachtengruppe.de\/de\/wp-content\/uploads\/2025\/12\/Buche-uns-gerne-768x1024.jpg\" alt=\"Buche uns gerne\" class=\"wp-image-204\" style=\"border-radius:20px;aspect-ratio:3\/4;object-fit:cover;width:auto;height:500px\" srcset=\"https:\/\/www.vierlaender-trachtengruppe.de\/de\/wp-content\/uploads\/2025\/12\/Buche-uns-gerne-768x1024.jpg 768w, https:\/\/www.vierlaender-trachtengruppe.de\/de\/wp-content\/uploads\/2025\/12\/Buche-uns-gerne-225x300.jpg 225w, https:\/\/www.vierlaender-trachtengruppe.de\/de\/wp-content\/uploads\/2025\/12\/Buche-uns-gerne-1152x1536.jpg 1152w, https:\/\/www.vierlaender-trachtengruppe.de\/de\/wp-content\/uploads\/2025\/12\/Buche-uns-gerne-1536x2048.jpg 1536w, https:\/\/www.vierlaender-trachtengruppe.de\/de\/wp-content\/uploads\/2025\/12\/Buche-uns-gerne-scaled.jpg 1920w\" sizes=\"auto, (max-width: 768px) 100vw, 768px\" \/><button\n\t\t\tclass=\"lightbox-trigger\"\n\t\t\ttype=\"button\"\n\t\t\taria-haspopup=\"dialog\"\n\t\t\taria-label=\"Vergr\u00f6\u00dfern\"\n\t\t\tdata-wp-init=\"callbacks.initTriggerButton\"\n\t\t\tdata-wp-on--click=\"actions.showLightbox\"\n\t\t\tdata-wp-style--right=\"state.imageButtonRight\"\n\t\t\tdata-wp-style--top=\"state.imageButtonTop\"\n\t\t>\n\t\t\t<svg xmlns=\"http:\/\/www.w3.org\/2000\/svg\" width=\"12\" height=\"12\" fill=\"none\" viewBox=\"0 0 12 12\">\n\t\t\t\t<path fill=\"#fff\" d=\"M2 0a2 2 0 0 0-2 2v2h1.5V2a.5.5 0 0 1 .5-.5h2V0H2Zm2 10.5H2a.5.5 0 0 1-.5-.5V8H0v2a2 2 0 0 0 2 2h2v-1.5ZM8 12v-1.5h2a.5.5 0 0 0 .5-.5V8H12v2a2 2 0 0 1-2 2H8Zm2-12a2 2 0 0 1 2 2v2h-1.5V2a.5.5 0 0 0-.5-.5H8V0h2Z\" \/>\n\t\t\t<\/svg>\n\t\t<\/button><\/figure>\n<\/div>\n\n\n\n<div class=\"wp-block-column is-vertically-aligned-center is-layout-flow wp-block-column-is-layout-flow\" style=\"flex-basis:50%\">\n<h2 class=\"wp-block-heading\">Buche uns gerne\u2026<\/h2>\n\n\n\n<p>Die Programme der Trachtengruppe werden auf Veranstaltungen befreundeter in- und ausl\u00e4ndischer Gruppen, auf Vereinsfeiern, privaten Jubil\u00e4en wie Geburtstagen oder Hochzeiten vorgetragen. <\/p>\n\n\n\n<p>Ebenso freuen wir uns \u00fcber Einladungen zu Betriebsfeiern, Stadtfesten, Kongressen oder zu Auftritten im Namen der Freien und Hansestadt Hamburg.<\/p>\n\n\n\n<p>Wir w\u00fcrden uns freuen, auch f\u00fcr euch einmal tanzen zu d\u00fcrfen. Sprecht uns gerne an&#8230;<\/p>\n\n\n\n<div class=\"wp-block-buttons is-layout-flex wp-block-buttons-is-layout-flex\">\n<div class=\"wp-block-button\"><a class=\"wp-block-button__link wp-element-button\" href=\"https:\/\/www.vierlaender-trachtengruppe.de\/de\/kontakt\/\">Kontakt<\/a><\/div>\n<\/div>\n<\/div>\n<\/div>\n<\/div>\n","protected":false},"excerpt":{"rendered":"<p>Willkommen bei der Vierl\u00e4nder Trachtengruppe Die Vierl\u00e4nder Trachtengruppe wurde im Dezember 1949 gegr\u00fcndet, um alte Vierl\u00e4nder- und Norddeutsche Volkst\u00e4nze zu erhalten und zu pflegen. Auch heute noch werden alte Tanzbeschreibungen gesucht und alte T\u00e4nze neu einge\u00fcbt. Lerne uns kennen\u2026 Die Vierl\u00e4nder Trachtengruppe besteht &nbsp;aus T\u00e4nzern, Musikern und unserem Solisten. Die Trachtengruppe stellt Programme f\u00fcr verschiedene [&hellip;]<\/p>\n","protected":false},"author":1,"featured_media":0,"parent":0,"menu_order":0,"comment_status":"closed","ping_status":"open","template":"","meta":{"footnotes":""},"class_list":["post-2","page","type-page","status-publish","hentry"],"_links":{"self":[{"href":"https:\/\/www.vierlaender-trachtengruppe.de\/de\/wp-json\/wp\/v2\/pages\/2","targetHints":{"allow":["GET"]}}],"collection":[{"href":"https:\/\/www.vierlaender-trachtengruppe.de\/de\/wp-json\/wp\/v2\/pages"}],"about":[{"href":"https:\/\/www.vierlaender-trachtengruppe.de\/de\/wp-json\/wp\/v2\/types\/page"}],"author":[{"embeddable":true,"href":"https:\/\/www.vierlaender-trachtengruppe.de\/de\/wp-json\/wp\/v2\/users\/1"}],"replies":[{"embeddable":true,"href":"https:\/\/www.vierlaender-trachtengruppe.de\/de\/wp-json\/wp\/v2\/comments?post=2"}],"version-history":[{"count":5,"href":"https:\/\/www.vierlaender-trachtengruppe.de\/de\/wp-json\/wp\/v2\/pages\/2\/revisions"}],"predecessor-version":[{"id":209,"href":"https:\/\/www.vierlaender-trachtengruppe.de\/de\/wp-json\/wp\/v2\/pages\/2\/revisions\/209"}],"wp:attachment":[{"href":"https:\/\/www.vierlaender-trachtengruppe.de\/de\/wp-json\/wp\/v2\/media?parent=2"}],"curies":[{"name":"wp","href":"https:\/\/api.w.org\/{rel}","templated":true}]}}