{"id":19,"date":"2025-09-25T20:04:37","date_gmt":"2025-09-25T18:04:37","guid":{"rendered":"https:\/\/www.vierlaender-trachtengruppe.de\/?page_id=19"},"modified":"2025-12-21T13:59:16","modified_gmt":"2025-12-21T12:59:16","slug":"termine","status":"publish","type":"page","link":"https:\/\/www.vierlaender-trachtengruppe.de\/de\/termine\/","title":{"rendered":"Termine"},"content":{"rendered":"\n<div class=\"wp-block-group alignfull has-base-2-background-color has-background has-global-padding is-layout-constrained wp-container-core-group-is-layout-c816cdf9 wp-block-group-is-layout-constrained\" style=\"margin-top:0;margin-bottom:0;padding-top:var(--wp--preset--spacing--40);padding-right:var(--wp--preset--spacing--40);padding-bottom:var(--wp--preset--spacing--40);padding-left:var(--wp--preset--spacing--40)\">\n<div class=\"wp-block-columns alignwide are-vertically-aligned-center is-layout-flex wp-container-core-columns-is-layout-e5e30b16 wp-block-columns-is-layout-flex\" style=\"padding-right:0;padding-left:0\">\n<div class=\"wp-block-column is-vertically-aligned-center is-layout-flow wp-block-column-is-layout-flow\" style=\"padding-top:0;padding-bottom:0;flex-basis:50%\">\n<figure data-wp-context=\"{&quot;imageId&quot;:&quot;69e2121837966&quot;}\" data-wp-interactive=\"core\/image\" data-wp-key=\"69e2121837966\" class=\"wp-block-image aligncenter size-large is-resized has-custom-border is-style-rounded is-style-rounded--1 wp-lightbox-container\"><img loading=\"lazy\" decoding=\"async\" width=\"1024\" height=\"768\" data-wp-class--hide=\"state.isContentHidden\" data-wp-class--show=\"state.isContentVisible\" data-wp-init=\"callbacks.setButtonStyles\" data-wp-on--click=\"actions.showLightbox\" data-wp-on--load=\"callbacks.setButtonStyles\" data-wp-on-window--resize=\"callbacks.setButtonStyles\" src=\"https:\/\/www.vierlaender-trachtengruppe.de\/de\/wp-content\/uploads\/2025\/12\/Termine-1024x768.jpg\" alt=\"Termine\" class=\"wp-image-210\" style=\"border-radius:20px;aspect-ratio:4\/3;object-fit:cover;width:500px\" srcset=\"https:\/\/www.vierlaender-trachtengruppe.de\/de\/wp-content\/uploads\/2025\/12\/Termine-1024x768.jpg 1024w, https:\/\/www.vierlaender-trachtengruppe.de\/de\/wp-content\/uploads\/2025\/12\/Termine-300x225.jpg 300w, https:\/\/www.vierlaender-trachtengruppe.de\/de\/wp-content\/uploads\/2025\/12\/Termine-768x576.jpg 768w, https:\/\/www.vierlaender-trachtengruppe.de\/de\/wp-content\/uploads\/2025\/12\/Termine-1536x1152.jpg 1536w, https:\/\/www.vierlaender-trachtengruppe.de\/de\/wp-content\/uploads\/2025\/12\/Termine-2048x1536.jpg 2048w\" sizes=\"auto, (max-width: 1024px) 100vw, 1024px\" \/><button\n\t\t\tclass=\"lightbox-trigger\"\n\t\t\ttype=\"button\"\n\t\t\taria-haspopup=\"dialog\"\n\t\t\taria-label=\"Vergr\u00f6\u00dfern\"\n\t\t\tdata-wp-init=\"callbacks.initTriggerButton\"\n\t\t\tdata-wp-on--click=\"actions.showLightbox\"\n\t\t\tdata-wp-style--right=\"state.imageButtonRight\"\n\t\t\tdata-wp-style--top=\"state.imageButtonTop\"\n\t\t>\n\t\t\t<svg xmlns=\"http:\/\/www.w3.org\/2000\/svg\" width=\"12\" height=\"12\" fill=\"none\" viewBox=\"0 0 12 12\">\n\t\t\t\t<path fill=\"#fff\" d=\"M2 0a2 2 0 0 0-2 2v2h1.5V2a.5.5 0 0 1 .5-.5h2V0H2Zm2 10.5H2a.5.5 0 0 1-.5-.5V8H0v2a2 2 0 0 0 2 2h2v-1.5ZM8 12v-1.5h2a.5.5 0 0 0 .5-.5V8H12v2a2 2 0 0 1-2 2H8Zm2-12a2 2 0 0 1 2 2v2h-1.5V2a.5.5 0 0 0-.5-.5H8V0h2Z\" \/>\n\t\t\t<\/svg>\n\t\t<\/button><\/figure>\n<\/div>\n\n\n\n<div class=\"wp-block-column is-vertically-aligned-center is-layout-flow wp-block-column-is-layout-flow\" style=\"padding-right:0;padding-left:0;flex-basis:50%\">\n<h2 class=\"wp-block-heading\">Termine 2026<\/h2>\n\n\n\n<p class=\"has-text-align-left\">F\u00fcr das aktuelle Jahr stehen bei uns verschiedenste Termine an, die wir mit Freude angenommen haben. Schaue gerne, wo wir als n\u00e4chstes zu finden sind.<\/p>\n\n\n\n<p class=\"has-text-align-left\">Nat\u00fcrlich sind auch unsere Beitr\u00e4ge zur Vereinsgeschichte, weitere Informationen zu unseren Terminen sowie Berichte und Fotos zu Veranstaltungen in unserer Mediathek verf\u00fcgbar. Wir w\u00fcnschen viel Spa\u00df beim St\u00f6bern&#8230;<\/p>\n\n\n\n<div class=\"wp-block-buttons is-layout-flex wp-block-buttons-is-layout-flex\">\n<div class=\"wp-block-button\"><a class=\"wp-block-button__link wp-element-button\" href=\"https:\/\/www.vierlaender-trachtengruppe.de\/de\/mediathek\/\">Mediathek<\/a><\/div>\n<\/div>\n<\/div>\n<\/div>\n<\/div>\n\n\n\n<div class=\"wp-block-group alignwide has-global-padding is-layout-constrained wp-container-core-group-is-layout-ca53d2fa wp-block-group-is-layout-constrained\" style=\"padding-top:var(--wp--preset--spacing--20);padding-bottom:var(--wp--preset--spacing--20)\">\n<h2 class=\"wp-block-heading alignwide\">2026<\/h2>\n\n\n\n<div class=\"wp-block-group alignwide has-global-padding is-layout-constrained wp-block-group-is-layout-constrained\">\n<div class=\"wp-block-columns alignwide has-base-2-background-color has-background is-layout-flex wp-container-core-columns-is-layout-c14048dc wp-block-columns-is-layout-flex\" style=\"border-radius:15px;padding-right:var(--wp--preset--spacing--20);padding-left:var(--wp--preset--spacing--20)\">\n<div class=\"wp-block-column is-layout-flow wp-container-core-column-is-layout-7badf79b wp-block-column-is-layout-flow\" style=\"padding-top:var(--wp--preset--spacing--20);padding-bottom:var(--wp--preset--spacing--20);flex-basis:66.66%\">\n<p><strong>Jahresauftakt des SCVM<\/strong><\/p>\n\n\n\n<p>Die Abordnung der Vierl\u00e4nder Trachtengruppe nimmt an der Jahreshauptversammlung des SC Vier- und Marschlande teil.<\/p>\n<\/div>\n\n\n\n<div class=\"wp-block-column is-layout-flow wp-block-column-is-layout-flow\" style=\"padding-top:var(--wp--preset--spacing--20);padding-bottom:var(--wp--preset--spacing--20);flex-basis:33.33%\">\n<p class=\"has-text-align-right\">25. Januar 2026<\/p>\n<\/div>\n<\/div>\n\n\n\n<div class=\"wp-block-columns alignwide has-base-2-background-color has-background is-layout-flex wp-container-core-columns-is-layout-c14048dc wp-block-columns-is-layout-flex\" style=\"border-radius:15px;padding-right:var(--wp--preset--spacing--20);padding-left:var(--wp--preset--spacing--20)\">\n<div class=\"wp-block-column is-layout-flow wp-container-core-column-is-layout-7badf79b wp-block-column-is-layout-flow\" style=\"padding-top:var(--wp--preset--spacing--20);padding-bottom:var(--wp--preset--spacing--20);flex-basis:66.66%\">\n<p><strong>Jahreshauptversammlung<\/strong><\/p>\n\n\n\n<p>Die Vierl\u00e4nder Trachtengruppe bespricht die anstehenden Auftritte bzw. Anfragen und plant das Jahr 2026.<\/p>\n<\/div>\n\n\n\n<div class=\"wp-block-column is-layout-flow wp-block-column-is-layout-flow\" style=\"padding-top:var(--wp--preset--spacing--20);padding-bottom:var(--wp--preset--spacing--20);flex-basis:33.33%\">\n<p class=\"has-text-align-right\">26. Januar 2026<\/p>\n<\/div>\n<\/div>\n<\/div>\n<\/div>\n\n\n\n<div class=\"wp-block-group alignfull has-global-padding is-layout-constrained wp-container-core-group-is-layout-c816cdf9 wp-block-group-is-layout-constrained\" style=\"margin-top:0;margin-bottom:0;padding-top:var(--wp--preset--spacing--40);padding-right:var(--wp--preset--spacing--40);padding-bottom:var(--wp--preset--spacing--40);padding-left:var(--wp--preset--spacing--40)\">\n<div class=\"wp-block-group alignwide has-base-2-background-color has-background has-global-padding is-layout-constrained wp-container-core-group-is-layout-52009084 wp-block-group-is-layout-constrained\" style=\"border-radius:16px;padding-top:var(--wp--preset--spacing--40);padding-right:var(--wp--preset--spacing--40);padding-bottom:var(--wp--preset--spacing--40);padding-left:var(--wp--preset--spacing--40)\">\n<h2 class=\"wp-block-heading has-text-align-center has-x-large-font-size\">Schreibe uns gerne&#8230;<\/h2>\n\n\n\n<p class=\"has-text-align-center\">Haben wir das Interesse wecken k\u00f6nnen? M\u00f6chtest du bei uns mittanzen oder uns f\u00fcr einen Auftritt engagieren? Wir freuen uns auf eine Nachricht.<\/p>\n\n\n\n<div class=\"wp-block-buttons is-content-justification-center is-layout-flex wp-container-core-buttons-is-layout-a89b3969 wp-block-buttons-is-layout-flex\">\n<div class=\"wp-block-button\"><a class=\"wp-block-button__link wp-element-button\" href=\"https:\/\/www.vierlaender-trachtengruppe.de\/de\/kontakt\/\">Kontakt<\/a><\/div>\n<\/div>\n<\/div>\n<\/div>\n","protected":false},"excerpt":{"rendered":"<p>Termine 2026 F\u00fcr das aktuelle Jahr stehen bei uns verschiedenste Termine an, die wir mit Freude angenommen haben. Schaue gerne, wo wir als n\u00e4chstes zu finden sind. Nat\u00fcrlich sind auch unsere Beitr\u00e4ge zur Vereinsgeschichte, weitere Informationen zu unseren Terminen sowie Berichte und Fotos zu Veranstaltungen in unserer Mediathek verf\u00fcgbar. Wir w\u00fcnschen viel Spa\u00df beim St\u00f6bern&#8230; [&hellip;]<\/p>\n","protected":false},"author":1,"featured_media":0,"parent":0,"menu_order":0,"comment_status":"closed","ping_status":"closed","template":"","meta":{"footnotes":""},"class_list":["post-19","page","type-page","status-publish","hentry"],"_links":{"self":[{"href":"https:\/\/www.vierlaender-trachtengruppe.de\/de\/wp-json\/wp\/v2\/pages\/19","targetHints":{"allow":["GET"]}}],"collection":[{"href":"https:\/\/www.vierlaender-trachtengruppe.de\/de\/wp-json\/wp\/v2\/pages"}],"about":[{"href":"https:\/\/www.vierlaender-trachtengruppe.de\/de\/wp-json\/wp\/v2\/types\/page"}],"author":[{"embeddable":true,"href":"https:\/\/www.vierlaender-trachtengruppe.de\/de\/wp-json\/wp\/v2\/users\/1"}],"replies":[{"embeddable":true,"href":"https:\/\/www.vierlaender-trachtengruppe.de\/de\/wp-json\/wp\/v2\/comments?post=19"}],"version-history":[{"count":5,"href":"https:\/\/www.vierlaender-trachtengruppe.de\/de\/wp-json\/wp\/v2\/pages\/19\/revisions"}],"predecessor-version":[{"id":214,"href":"https:\/\/www.vierlaender-trachtengruppe.de\/de\/wp-json\/wp\/v2\/pages\/19\/revisions\/214"}],"wp:attachment":[{"href":"https:\/\/www.vierlaender-trachtengruppe.de\/de\/wp-json\/wp\/v2\/media?parent=19"}],"curies":[{"name":"wp","href":"https:\/\/api.w.org\/{rel}","templated":true}]}}