{"id":13,"date":"2025-09-25T20:01:41","date_gmt":"2025-09-25T18:01:41","guid":{"rendered":"https:\/\/www.vierlaender-trachtengruppe.de\/?page_id=13"},"modified":"2025-12-21T21:30:59","modified_gmt":"2025-12-21T20:30:59","slug":"kontakt","status":"publish","type":"page","link":"https:\/\/www.vierlaender-trachtengruppe.de\/de\/kontakt\/","title":{"rendered":"Kontakt"},"content":{"rendered":"\n<div class=\"wp-block-group alignfull has-base-2-background-color has-background has-global-padding is-layout-constrained wp-container-core-group-is-layout-8f39493d wp-block-group-is-layout-constrained\" style=\"margin-top:0;margin-bottom:0;padding-top:var(--wp--preset--spacing--40);padding-right:var(--wp--preset--spacing--40);padding-bottom:var(--wp--preset--spacing--40);padding-left:var(--wp--preset--spacing--40)\">\n<h2 class=\"wp-block-heading alignwide has-text-align-center\" style=\"margin-bottom:var(--wp--preset--spacing--20);padding-top:0;padding-bottom:0\">Anfragen, Anregungen, Lob oder Kritik?<\/h2>\n\n\n\n<p class=\"has-text-align-center has-medium-font-size\" style=\"margin-top:0;margin-bottom:0\">Haben wir das Interesse wecken k\u00f6nnen? M\u00f6chtest du mittanzen oder uns f\u00fcr einen Auftritt engagieren? Scheue dich nicht, mit uns Kontakt aufzunehmen.<\/p>\n<\/div>\n\n\n\n<div class=\"wp-block-group alignfull has-base-background-color has-background has-global-padding is-layout-constrained wp-container-core-group-is-layout-8f39493d wp-block-group-is-layout-constrained\" style=\"margin-top:0;margin-bottom:0;padding-top:var(--wp--preset--spacing--40);padding-right:var(--wp--preset--spacing--40);padding-bottom:var(--wp--preset--spacing--40);padding-left:var(--wp--preset--spacing--40)\">\n<div class=\"wp-block-columns alignwide are-vertically-aligned-center is-layout-flex wp-container-core-columns-is-layout-c6809a2b wp-block-columns-is-layout-flex\">\n<div class=\"wp-block-column is-vertically-aligned-center is-layout-flow wp-block-column-is-layout-flow\" style=\"flex-basis:50%\">\n<figure data-wp-context=\"{&quot;imageId&quot;:&quot;69e20e54531bc&quot;}\" data-wp-interactive=\"core\/image\" data-wp-key=\"69e20e54531bc\" class=\"wp-block-image aligncenter size-large is-resized has-custom-border is-style-rounded is-style-rounded--1 wp-lightbox-container\"><img loading=\"lazy\" decoding=\"async\" width=\"768\" height=\"1024\" data-wp-class--hide=\"state.isContentHidden\" data-wp-class--show=\"state.isContentVisible\" data-wp-init=\"callbacks.setButtonStyles\" data-wp-on--click=\"actions.showLightbox\" data-wp-on--load=\"callbacks.setButtonStyles\" data-wp-on-window--resize=\"callbacks.setButtonStyles\" src=\"https:\/\/www.vierlaender-trachtengruppe.de\/de\/wp-content\/uploads\/2025\/12\/Kontakt-768x1024.jpg\" alt=\"Kontakt\" class=\"wp-image-313\" style=\"border-radius:20px;aspect-ratio:3\/4;object-fit:cover;width:auto;height:500px\" srcset=\"https:\/\/www.vierlaender-trachtengruppe.de\/de\/wp-content\/uploads\/2025\/12\/Kontakt-768x1024.jpg 768w, https:\/\/www.vierlaender-trachtengruppe.de\/de\/wp-content\/uploads\/2025\/12\/Kontakt-225x300.jpg 225w, https:\/\/www.vierlaender-trachtengruppe.de\/de\/wp-content\/uploads\/2025\/12\/Kontakt-1152x1536.jpg 1152w, https:\/\/www.vierlaender-trachtengruppe.de\/de\/wp-content\/uploads\/2025\/12\/Kontakt-1536x2048.jpg 1536w, https:\/\/www.vierlaender-trachtengruppe.de\/de\/wp-content\/uploads\/2025\/12\/Kontakt-scaled.jpg 1920w\" sizes=\"auto, (max-width: 768px) 100vw, 768px\" \/><button\n\t\t\tclass=\"lightbox-trigger\"\n\t\t\ttype=\"button\"\n\t\t\taria-haspopup=\"dialog\"\n\t\t\taria-label=\"Vergr\u00f6\u00dfern\"\n\t\t\tdata-wp-init=\"callbacks.initTriggerButton\"\n\t\t\tdata-wp-on--click=\"actions.showLightbox\"\n\t\t\tdata-wp-style--right=\"state.imageButtonRight\"\n\t\t\tdata-wp-style--top=\"state.imageButtonTop\"\n\t\t>\n\t\t\t<svg xmlns=\"http:\/\/www.w3.org\/2000\/svg\" width=\"12\" height=\"12\" fill=\"none\" viewBox=\"0 0 12 12\">\n\t\t\t\t<path fill=\"#fff\" d=\"M2 0a2 2 0 0 0-2 2v2h1.5V2a.5.5 0 0 1 .5-.5h2V0H2Zm2 10.5H2a.5.5 0 0 1-.5-.5V8H0v2a2 2 0 0 0 2 2h2v-1.5ZM8 12v-1.5h2a.5.5 0 0 0 .5-.5V8H12v2a2 2 0 0 1-2 2H8Zm2-12a2 2 0 0 1 2 2v2h-1.5V2a.5.5 0 0 0-.5-.5H8V0h2Z\" \/>\n\t\t\t<\/svg>\n\t\t<\/button><\/figure>\n<\/div>\n\n\n\n<div class=\"wp-block-column is-vertically-aligned-center is-layout-flow wp-container-core-column-is-layout-8a368f38 wp-block-column-is-layout-flow\" style=\"border-style:none;border-width:0px;flex-basis:50%\">\n<div class=\"wp-block-group has-border-color has-base-2-border-color has-base-2-background-color has-background has-global-padding is-layout-constrained wp-container-core-group-is-layout-8715d642 wp-block-group-is-layout-constrained\" style=\"border-width:15px;border-radius:20px;margin-top:var(--wp--preset--spacing--10);margin-bottom:var(--wp--preset--spacing--10);padding-top:0;padding-right:var(--wp--preset--spacing--40);padding-bottom:var(--wp--preset--spacing--20);padding-left:var(--wp--preset--spacing--40)\">\n<p class=\"has-text-align-center has-heading-font-family\" style=\"padding-top:var(--wp--preset--spacing--10);padding-right:0;padding-bottom:var(--wp--preset--spacing--10);padding-left:0;font-size:clamp(0.984rem, 0.984rem + ((1vw - 0.2rem) * 0.86), 1.5rem);font-style:normal;font-weight:400\"><strong>Wir freuen uns auf deine Nachricht<\/strong>.<\/p>\n\n\n\n<div class=\"wpcf7 no-js\" id=\"wpcf7-f106-o1\" lang=\"de-DE\" dir=\"ltr\" data-wpcf7-id=\"106\">\n<div class=\"screen-reader-response\"><p role=\"status\" aria-live=\"polite\" aria-atomic=\"true\"><\/p> <ul><\/ul><\/div>\n<form action=\"\/de\/wp-json\/wp\/v2\/pages\/13#wpcf7-f106-o1\" method=\"post\" class=\"wpcf7-form init\" aria-label=\"Kontaktformular\" novalidate=\"novalidate\" data-status=\"init\">\n<fieldset class=\"hidden-fields-container\"><input type=\"hidden\" name=\"_wpcf7\" value=\"106\" \/><input type=\"hidden\" name=\"_wpcf7_version\" value=\"6.1.5\" \/><input type=\"hidden\" name=\"_wpcf7_locale\" value=\"de_DE\" \/><input type=\"hidden\" name=\"_wpcf7_unit_tag\" value=\"wpcf7-f106-o1\" \/><input type=\"hidden\" name=\"_wpcf7_container_post\" value=\"0\" \/><input type=\"hidden\" name=\"_wpcf7_posted_data_hash\" value=\"\" \/>\n<\/fieldset>\n<div id=\"cf-contact\">\n\t<p><label class=\"name\">Name:<\/label><br \/>\n\t\t<element class=\"name\"><span class=\"wpcf7-form-control-wrap\" data-name=\"firstname\"><input size=\"40\" maxlength=\"400\" class=\"wpcf7-form-control wpcf7-text wpcf7-validates-as-required\" autocomplete=\"given-name\" aria-required=\"true\" aria-invalid=\"false\" placeholder=\"Elfriede\" value=\"\" type=\"text\" name=\"firstname\" \/><\/span>\n\t\t<\/element><br \/>\n\t\t<element class=\"name\"><span class=\"wpcf7-form-control-wrap\" data-name=\"lastname\"><input size=\"40\" maxlength=\"400\" class=\"wpcf7-form-control wpcf7-text wpcf7-validates-as-required\" autocomplete=\"given-family-name\" aria-required=\"true\" aria-invalid=\"false\" placeholder=\"Beispiel\" value=\"\" type=\"text\" name=\"lastname\" \/><\/span>\n\t\t<\/element>\n\t<\/p>\n\t<p><label class=\"email\">E-Mail:<\/label><br \/>\n\t\t<element class=\"email\"><span class=\"wpcf7-form-control-wrap\" data-name=\"email\"><input size=\"40\" maxlength=\"400\" class=\"wpcf7-form-control wpcf7-email wpcf7-validates-as-required wpcf7-text wpcf7-validates-as-email\" autocomplete=\"email\" aria-required=\"true\" aria-invalid=\"false\" placeholder=\"elfriede.beispiel@domain.de\" value=\"\" type=\"email\" name=\"email\" \/><\/span>\n\t\t<\/element>\n\t<\/p>\n\t<p><label class=\"message\">Nachricht:<\/label><br \/>\n\t\t<element class=\"message\"><span class=\"wpcf7-form-control-wrap\" data-name=\"subject\"><input size=\"40\" maxlength=\"400\" class=\"wpcf7-form-control wpcf7-text wpcf7-validates-as-required\" aria-required=\"true\" aria-invalid=\"false\" placeholder=\"Auftrittsanfrage 2026\" value=\"\" type=\"text\" name=\"subject\" \/><\/span>\n\t\t<\/element><br \/>\n\t\t<element class=\"message\"><span class=\"wpcf7-form-control-wrap\" data-name=\"message\"><textarea cols=\"40\" rows=\"10\" maxlength=\"2000\" class=\"wpcf7-form-control wpcf7-textarea wpcf7-validates-as-required\" aria-required=\"true\" aria-invalid=\"false\" placeholder=\"Hallo Vierl\u00e4nder Trachtengruppe, ...\" name=\"message\"><\/textarea><\/span>\n\t\t<\/element>\n\t<\/p>\n\t<p><label class=\"privacy\">Datenschutz:<\/label><br \/>\n\t\t<element class=\"privacy\"><span class=\"wpcf7-form-control-wrap\" data-name=\"privacy\"><span class=\"wpcf7-form-control wpcf7-acceptance\"><span class=\"wpcf7-list-item\"><input type=\"checkbox\" name=\"privacy\" value=\"1\" aria-invalid=\"false\" \/><\/span><\/span><\/span>\n\t\t<\/element><br \/>\n\t\t<element class=\"privacy-message\">Ich habe die Hinweise zum <a href=\"http:\/\/www.vierlaender-trachtengruppe.de\/de\/datenschutzerklaerung\/\" target=\"_blank\">Datenschutz<\/a> zur Kenntnis genommen und verstanden, dass meine Daten elektronisch gespeichert werden. Ich kann die Einwilligung jederzeit widerrufen.\n\t\t<\/element>\n\t<\/p>\n\t<p><label class=\"security\">Sicherheit:<\/label><br \/>\n\t\t<element class=\"security\"><span class=\"wpcf7-form-control-wrap\" data-name=\"security\"><label><span class=\"wpcf7-quiz-label\">Rechnung: Eins plus Acht?<\/span> <input size=\"40\" class=\"wpcf7-form-control wpcf7-quiz security\" id=\"security\" autocomplete=\"off\" aria-required=\"true\" aria-invalid=\"false\" type=\"text\" name=\"security\" \/><\/label><input type=\"hidden\" name=\"_wpcf7_quiz_answer_security\" value=\"acfaaf4cfa9ee3c1715beeffc0cdd63d\" \/><\/span>\n\t\t<\/element>\n\t<\/p>\n\t<element class=\"captcha\">\n\t\t<p><span class=\"wpcf7-form-control-wrap kc_captcha cf7ic-toggle\" data-name=\"kc_captcha\"><span class=\"wpcf7-form-control wpcf7-radio\"><span class=\"captcha-image\" style=\"display: none;\"><span class=\"cf7ic_instructions\">Bitte beweise, dass du kein Spambot bist und w\u00e4hle das Symbol<span> Flugzeug<\/span>.<\/span><label><input aria-label=\"1\" type=\"radio\" name=\"kc_captcha\" value=\"bot\" \/><svg aria-hidden=\"true\" role=\"img\" xmlns=\"http:\/\/www.w3.org\/2000\/svg\" viewBox=\"0 0 576 512\"><path fill=\"currentColor\" d=\"M415 24c-53 0-103 42-127 65-24-23-74-65-127-65C70 24 16 77 16 166c0 72 67 133 69 135l187 181c9 8 23 8 32 0l187-180c2-3 69-64 69-136 0-89-54-142-145-142z\"\/><\/svg><\/label><label><input aria-label=\"2\" type=\"radio\" name=\"kc_captcha\" value=\"bot\" \/><svg aria-hidden=\"true\" role=\"img\" xmlns=\"http:\/\/www.w3.org\/2000\/svg\" viewBox=\"0 0 384 512\"><path fill=\"currentColor\" d=\"M377 375l-83-87h34c21 0 32-25 17-40l-82-88h33c21 0 32-25 18-40L210 8c-10-11-26-11-36 0L70 120c-14 15-3 40 18 40h33l-82 88c-15 15-4 40 17 40h34L7 375c-15 16-4 41 17 41h120c0 33-11 49-34 68-12 9-5 28 10 28h144c15 0 22-19 10-28-20-16-34-32-34-68h120c21 0 32-25 17-41z\"\/><\/svg><\/label><label><input aria-label=\"3\" type=\"radio\" name=\"kc_captcha\" value=\"kc_human\" \/><svg aria-hidden=\"true\" role=\"img\" xmlns=\"http:\/\/www.w3.org\/2000\/svg\" viewBox=\"0 0 576 512\"><path fill=\"currentColor\" d=\"M472 200H360L256 6a12 12 0 00-10-6h-58c-8 0-14 7-12 15l34 185H100l-35-58a12 12 0 00-10-6H12c-8 0-13 7-12 14l21 106L0 362c-1 7 4 14 12 14h43c4 0 8-2 10-6l35-58h110l-34 185c-2 8 4 15 12 15h58a12 12 0 0010-6l104-194h112c57 0 104-25 104-56s-47-56-104-56z\"\/><\/svg><\/label>\r\n    <\/span>\r\n    <span style=\"display:none\">\r\n        <input type=\"text\" name=\"kc_honeypot\">\r\n    <\/span><\/span><\/span>\n\t\t<\/p>\n\t<\/element>\n\t<element class=\"button\">\n\t\t<p><input class=\"wpcf7-form-control wpcf7-submit has-spinner\" type=\"submit\" value=\"Abschicken\" \/>\n\t\t<\/p>\n\t<\/element>\n<\/div><div class=\"wpcf7-response-output\" aria-hidden=\"true\"><\/div>\n<\/form>\n<\/div>\n\n<\/div>\n<\/div>\n<\/div>\n<\/div>\n\n\n\n<div class=\"wp-block-group alignfull has-base-2-background-color has-background has-global-padding is-layout-constrained wp-container-core-group-is-layout-8f39493d wp-block-group-is-layout-constrained\" style=\"margin-top:0;margin-bottom:0;padding-top:var(--wp--preset--spacing--40);padding-right:var(--wp--preset--spacing--40);padding-bottom:var(--wp--preset--spacing--40);padding-left:var(--wp--preset--spacing--40)\">\n<h4 class=\"wp-block-heading has-text-align-center\">Hinweis:<\/h4>\n\n\n\n<div style=\"height:10px\" aria-hidden=\"true\" class=\"wp-block-spacer\"><\/div>\n\n\n\n<p class=\"has-text-align-center\" style=\"padding-top:0;padding-bottom:0\">Deine Daten werden ausschlie\u00dflich f\u00fcr die Bearbeitung des Anliegens verwendet.&nbsp;Weitere Details findest du in unserer Datenschutzerkl\u00e4rung.<\/p>\n<\/div>\n","protected":false},"excerpt":{"rendered":"<p>Anfragen, Anregungen, Lob oder Kritik? Haben wir das Interesse wecken k\u00f6nnen? M\u00f6chtest du mittanzen oder uns f\u00fcr einen Auftritt engagieren? Scheue dich nicht, mit uns Kontakt aufzunehmen. Wir freuen uns auf deine Nachricht. Hinweis: Deine Daten werden ausschlie\u00dflich f\u00fcr die Bearbeitung des Anliegens verwendet.&nbsp;Weitere Details findest du in unserer Datenschutzerkl\u00e4rung.<\/p>\n","protected":false},"author":1,"featured_media":0,"parent":0,"menu_order":0,"comment_status":"closed","ping_status":"closed","template":"","meta":{"footnotes":""},"class_list":["post-13","page","type-page","status-publish","hentry"],"_links":{"self":[{"href":"https:\/\/www.vierlaender-trachtengruppe.de\/de\/wp-json\/wp\/v2\/pages\/13","targetHints":{"allow":["GET"]}}],"collection":[{"href":"https:\/\/www.vierlaender-trachtengruppe.de\/de\/wp-json\/wp\/v2\/pages"}],"about":[{"href":"https:\/\/www.vierlaender-trachtengruppe.de\/de\/wp-json\/wp\/v2\/types\/page"}],"author":[{"embeddable":true,"href":"https:\/\/www.vierlaender-trachtengruppe.de\/de\/wp-json\/wp\/v2\/users\/1"}],"replies":[{"embeddable":true,"href":"https:\/\/www.vierlaender-trachtengruppe.de\/de\/wp-json\/wp\/v2\/comments?post=13"}],"version-history":[{"count":5,"href":"https:\/\/www.vierlaender-trachtengruppe.de\/de\/wp-json\/wp\/v2\/pages\/13\/revisions"}],"predecessor-version":[{"id":314,"href":"https:\/\/www.vierlaender-trachtengruppe.de\/de\/wp-json\/wp\/v2\/pages\/13\/revisions\/314"}],"wp:attachment":[{"href":"https:\/\/www.vierlaender-trachtengruppe.de\/de\/wp-json\/wp\/v2\/media?parent=13"}],"curies":[{"name":"wp","href":"https:\/\/api.w.org\/{rel}","templated":true}]}}